{"id":2538,"date":"2021-07-13T14:19:08","date_gmt":"2021-07-13T14:19:08","guid":{"rendered":"https:\/\/www.danieldurand.ca\/nos-emplacements\/"},"modified":"2023-09-19T13:20:37","modified_gmt":"2023-09-19T13:20:37","slug":"nos-emplacements","status":"publish","type":"page","link":"https:\/\/www.danieldurand.ca\/fr\/nos-emplacements\/","title":{"rendered":"Nos emplacements"},"content":{"rendered":"<p>[vc_row css_animation=\u00a0\u00bb\u00a0\u00bb row_type=\u00a0\u00bbrow\u00a0\u00bb use_row_as_full_screen_section=\u00a0\u00bbno\u00a0\u00bb type=\u00a0\u00bbgrid\u00a0\u00bb angled_section=\u00a0\u00bbno\u00a0\u00bb text_align=\u00a0\u00bbleft\u00a0\u00bb background_image_as_pattern=\u00a0\u00bbwithout_pattern\u00a0\u00bb z_index=\u00a0\u00bb\u00a0\u00bb el_id=\u00a0\u00bbcontact-wrapper\u00a0\u00bb el_class=\u00a0\u00bbpt-100 pb-0&Prime;][vc_column width=\u00a0\u00bb1\/3&Prime; el_class=\u00a0\u00bbdecarie\u00a0\u00bb][vc_column_text el_class=\u00a0\u00bbcontactcol\u00a0\u00bb]<\/p>\n<h2>DR DANIEL DURAND <em>Chirurgien plastique &amp; esth\u00e9tique<\/em><\/h2>\n<p>[\/vc_column_text]<div class='q_icon_with_title medium normal_icon st-adress'><div class=\"icon_holder \" style=\" \"><span data-icon-type=\"normal\"  data-icon-hover-color=\"#000000\" style=\"font-size: 32px;\" class=\"qode_iwt_icon_holder q_font_awsome_icon fa-3x  \"><i class=\"qodef-icon-linea-icon icon-basic-geolocalize-01 qode_iwt_icon_element\" style=\"color: #000000;\" ><\/i><\/span><\/div><div class=\"icon_text_holder\" style=\"\"><div class=\"icon_text_inner\" style=\"\"><h5 class=\"icon_title\" style=\"\">MONTR\u00c9AL<\/h5><p style=''>Montr\u00e9al 6100, avenue du Bois\u00e9, bureau 112<br \/>\nMontr\u00e9al, QC<br \/>\nH3S 2W1<\/p><\/div><\/div><\/div><div class='q_icon_with_title medium normal_icon st-adress'><div class=\"icon_holder \" style=\" \"><span data-icon-type=\"normal\"  data-icon-hover-color=\"#000000\" style=\"font-size: 32px;\" class=\"qode_iwt_icon_holder q_font_awsome_icon fa-3x  \"><i class=\"qodef-icon-linea-icon icon-basic-geolocalize-01 qode_iwt_icon_element\" style=\"color: #000000;\" ><\/i><\/span><\/div><div class=\"icon_text_holder\" style=\"\"><div class=\"icon_text_inner\" style=\"\"><h5 class=\"icon_title\" style=\"\">CHATEAUGUAY<\/h5><p style=''>288 boulevard d\u2019Anjou, bureau 330<br \/>\nChateauguay, QC<br \/>\nJ6K 1C6<\/p><\/div><\/div><\/div><div class='q_icon_with_title medium normal_icon st-adress'><div class=\"icon_holder \" style=\" \"><span data-icon-type=\"normal\"  data-icon-hover-color=\"#000000\" style=\"font-size: 32px;\" class=\"qode_iwt_icon_holder q_font_awsome_icon fa-3x  \"><i class=\"qodef-icon-linea-icon icon-basic-geolocalize-01 qode_iwt_icon_element\" style=\"color: #000000;\" ><\/i><\/span><\/div><div class=\"icon_text_holder\" style=\"\"><div class=\"icon_text_inner\" style=\"\"><h5 class=\"icon_title\" style=\"\">LAVAL<\/h5><p style=''>Place Pretige, 400 Blvd St Martin Ouest<br \/> Bureau #100 (RDC)<br \/> QC, H7M3Y8<\/p><\/div><\/div><\/div><div class='q_icon_with_title medium normal_icon st-phone'><div class=\"icon_holder \" style=\" \"><span data-icon-type=\"normal\"  data-icon-hover-color=\"#000000\" style=\"font-size: 26px;\" class=\"qode_iwt_icon_holder q_font_awsome_icon fa-3x  \"><i class=\"qode_icon_font_awesome fa fa-phone qode_iwt_icon_element\" style=\"color: #000000;\" ><\/i><\/span><\/div><div class=\"icon_text_holder\" style=\"\"><div class=\"icon_text_inner\" style=\"\"><h4 class=\"icon_title\" style=\"\"><\/h4><p style=''><\/p><a itemprop='url' class='icon_with_title_link' href='tel:5149415562' target='_self' style=''>(514) 941-5562<\/a><\/div><\/div><\/div><div class='q_icon_with_title medium normal_icon st-phone'><div class=\"icon_holder \" style=\" \"><span data-icon-type=\"normal\"  data-icon-hover-color=\"#000000\" style=\"font-size: 26px;\" class=\"qode_iwt_icon_holder q_font_awsome_icon fa-3x  \"><i class=\"qode_icon_font_awesome fa fa-envelope-o qode_iwt_icon_element\" style=\"color: #000000;\" ><\/i><\/span><\/div><div class=\"icon_text_holder\" style=\"\"><div class=\"icon_text_inner\" style=\"\"><h4 class=\"icon_title\" style=\"\"><\/h4><p style=''><\/p><a itemprop='url' class='icon_with_title_link' href='mailto:info@danieldurand.ca' target='_self' style=''>info@danieldurand.ca<\/a><\/div><\/div><\/div>[vc_empty_space][\/vc_column][vc_column width=\u00a0\u00bb1\/3&Prime;][vc_column_text el_class=\u00a0\u00bbbusiness-hours\u00a0\u00bb]<\/p>\n<h3 class=\"thin\"><i class=\"qode_icon_font_awesome fa fa-clock-o qode_iwt_icon_element\" style=\"color: #000000;\"><\/i> HEURES D\u2019OUVERTURE<\/h3>\n<table>\n<tbody>\n<tr>\n<td>Lundi<\/td>\n<td>8h-17h<\/td>\n<\/tr>\n<tr>\n<td>Mardi<\/td>\n<td>8h-17h<\/td>\n<\/tr>\n<tr>\n<td>Mercredi<\/td>\n<td>8h-17h<\/td>\n<\/tr>\n<tr>\n<td>Jeudi<\/td>\n<td>8h-17h<\/td>\n<\/tr>\n<tr>\n<td>Vendredi<\/td>\n<td>8h-17h<\/td>\n<\/tr>\n<tr>\n<td>Samedi<\/td>\n<td>Ferm\u00e9<\/td>\n<\/tr>\n<tr>\n<td>Dimanche<\/td>\n<td>Ferm\u00e9<\/td>\n<\/tr>\n<\/tbody>\n<\/table>\n<p>[\/vc_column_text][vc_raw_html]PHVsIGNsYXNzPSJzb2NpYWwtaWNvbnMiPg0KCTxsaT48YSBocmVmPSJodHRwczovL3d3dy55b3V0dWJlLmNvbS9jaGFubmVsL1VDR0hiTl91bHhTcGxhRjhFc3JHMkM1ZyIgdGFyZ2V0PSJfYmxhbmsiPjxpIGNsYXNzPSJmYSBmYS15b3V0dWJlIj48L2k+PC9hPjwvbGk+DQoJPGxpPjxhIGhyZWY9Imh0dHBzOi8vd3d3LmxpbmtlZGluLmNvbS9pbi9kYW5pZWwtZHVyYW5kLTc5YTYzYjI4Lz9vcmlnaW5hbFN1YmRvbWFpbj1jYSIgdGFyZ2V0PSJfYmxhbmsiPjxpIGNsYXNzPSJmYSBmYS1saW5rZWRpbiI+PC9pPjwvYT48L2xpPg0KCTxsaT48YSBocmVmPSJodHRwczovL3d3dy5mYWNlYm9vay5jb20vRHVyYW5kcGxhc3RpY3N1cmdlcnkvIiB0YXJnZXQ9Il9ibGFuayI+PGkgY2xhc3M9ImZhIGZhLWZhY2Vib29rIj48L2k+PC9hPjwvbGk+DQoJPGxpPjxhIGhyZWY9Imh0dHBzOi8vd3d3Lmluc3RhZ3JhbS5jb20vRHVyYW5kcGxhc3RpY3N1cmdlcnkvIiB0YXJnZXQ9Il9ibGFuayI+PGkgY2xhc3M9ImZhIGZhLWluc3RhZ3JhbSI+PC9pPjwvYT48L2xpPg0KCTxsaT48YSBocmVmPSJodHRwczovL3d3dy5yYXRlbWRzLmNvbS9kb2N0b3ItcmF0aW5ncy82NDUxNy9Eci1EYW5pZWwtRHVyYW5kLUNoYXRlYXVndWF5LVFDLmh0bWwiIGNsYXNzPSJyYXRlbWQiIHRhcmdldD0iX2JsYW5rIj48L2E+PC9saT4NCjwvdWw+[\/vc_raw_html][\/vc_column][vc_column width=\u00a0\u00bb1\/3&Prime;][vc_column_text]<\/p>\n<h3 class=\"thin\">CONTACTEZ-NOUS<\/h3>\n<p>[\/vc_column_text][vc_empty_space height=\u00a0\u00bb20px\u00a0\u00bb]<div role=\"form\" class=\"wpcf7\" id=\"wpcf7-f2519-o1\" lang=\"en-US\" dir=\"ltr\">\n<div class=\"screen-reader-response\" role=\"alert\" aria-live=\"polite\"><\/div>\n<form action=\"\/fr\/wp-json\/wp\/v2\/pages\/2538#wpcf7-f2519-o1\" method=\"post\" class=\"wpcf7-form init cf7_custom_style_1\" novalidate=\"novalidate\" id=\"st-form\">\n<div style=\"display: none;\">\n<input type=\"hidden\" name=\"_wpcf7\" value=\"2519\" \/>\n<input type=\"hidden\" name=\"_wpcf7_version\" value=\"5.2\" \/>\n<input type=\"hidden\" name=\"_wpcf7_locale\" value=\"en_US\" \/>\n<input type=\"hidden\" name=\"_wpcf7_unit_tag\" value=\"wpcf7-f2519-o1\" \/>\n<input type=\"hidden\" name=\"_wpcf7_container_post\" value=\"0\" \/>\n<input type=\"hidden\" name=\"_wpcf7_posted_data_hash\" value=\"\" \/>\n<input type=\"hidden\" name=\"_wpcf7cf_hidden_group_fields\" value=\"\" \/>\n<input type=\"hidden\" name=\"_wpcf7cf_hidden_groups\" value=\"\" \/>\n<input type=\"hidden\" name=\"_wpcf7cf_visible_groups\" value=\"\" \/>\n<input type=\"hidden\" name=\"_wpcf7cf_repeaters\" value=\"[]\" \/>\n<input type=\"hidden\" name=\"_wpcf7cf_steps\" value=\"{}\" \/>\n<input type=\"hidden\" name=\"_wpcf7cf_options\" value=\"{&quot;form_id&quot;:2519,&quot;conditions&quot;:[],&quot;settings&quot;:{&quot;animation&quot;:&quot;yes&quot;,&quot;animation_intime&quot;:&quot;200&quot;,&quot;animation_outtime&quot;:&quot;200&quot;,&quot;conditions_ui&quot;:&quot;normal&quot;,&quot;notice_dismissed&quot;:&quot;&quot;}}\" \/>\n<input type=\"hidden\" name=\"_wpcf7_recaptcha_response\" value=\"\" \/>\n<\/div>\n<span class=\"wpcf7-form-control-wrap your-name\"><input type=\"text\" name=\"your-name\" value=\"\" size=\"40\" class=\"wpcf7-form-control wpcf7-text wpcf7-validates-as-required\" aria-required=\"true\" aria-invalid=\"false\" placeholder=\"Nom\" \/><\/span>\n<span class=\"wpcf7-form-control-wrap tel-775\"><input type=\"tel\" name=\"tel-775\" value=\"\" size=\"40\" class=\"wpcf7-form-control wpcf7-text wpcf7-tel wpcf7-validates-as-required wpcf7-validates-as-tel\" aria-required=\"true\" aria-invalid=\"false\" placeholder=\"Num\u00e9ro de t\u00e9l\u00e9phone\" \/><\/span> \n<span class=\"wpcf7-form-control-wrap your-email\"><input type=\"email\" name=\"your-email\" value=\"\" size=\"40\" class=\"wpcf7-form-control wpcf7-text wpcf7-email wpcf7-validates-as-required wpcf7-validates-as-email\" aria-required=\"true\" aria-invalid=\"false\" placeholder=\"Courriel\" \/><\/span>\n<label class=\"arrow\"><span class=\"wpcf7-form-control-wrap menu-procs\"><select name=\"menu-procs\" class=\"wpcf7-form-control wpcf7-select\" aria-invalid=\"false\"><option value=\"\">Proc\u00e9dures<\/option><option value=\"optgroup-Seins\">optgroup-Seins<\/option><option value=\"Augmentation mammaire\">Augmentation mammaire<\/option><option value=\"Redrapage mammaire\">Redrapage mammaire<\/option><option value=\"R\u00e9duction mammaire\">R\u00e9duction mammaire<\/option><option value=\"endoptgroup\">endoptgroup<\/option><option value=\"optgroup-Corps\">optgroup-Corps<\/option><option value=\"Liposuccion\">Liposuccion<\/option><option value=\"Brachioplastie\">Brachioplastie<\/option><option value=\"Abdominoplastie\">Abdominoplastie<\/option><option value=\"endoptgroup\">endoptgroup<\/option><option value=\"optgroup-Visage\">optgroup-Visage<\/option><option value=\"Lifting au visage et au cou\">Lifting au visage et au cou<\/option><option value=\"Rhinoplastie\">Rhinoplastie<\/option><option value=\"Bl\u00e9pharoplastie\">Bl\u00e9pharoplastie<\/option><option value=\"Otoplastie\">Otoplastie<\/option><option value=\"Remplisseurs dermiques\">Remplisseurs dermiques<\/option><option value=\"Neuromodulateurs\">Neuromodulateurs<\/option><option value=\"endoptgroup\">endoptgroup<\/option><option value=\"optgroup-Autre\">optgroup-Autre<\/option><option value=\"Autre\">Autre<\/option><option value=\"endoptgroup\">endoptgroup<\/option><\/select><\/span> <\/label>\n<span class=\"wpcf7-form-control-wrap your-message\"><textarea name=\"your-message\" cols=\"40\" rows=\"10\" class=\"wpcf7-form-control wpcf7-textarea\" aria-invalid=\"false\" placeholder=\"Message\"><\/textarea><\/span>\n<input type=\"submit\" value=\"ENVOYEZ\" class=\"wpcf7-form-control wpcf7-submit durand-btn\" \/><input type='hidden' class='wpcf7-pum' value='{\"closepopup\":false,\"closedelay\":0,\"openpopup\":false,\"openpopup_id\":0}' \/><div class=\"wpcf7-response-output\" role=\"alert\" aria-hidden=\"true\"><\/div><\/form><\/div>[\/vc_column][\/vc_row][vc_row css_animation=\u00a0\u00bb\u00a0\u00bb row_type=\u00a0\u00bbrow\u00a0\u00bb use_row_as_full_screen_section=\u00a0\u00bbno\u00a0\u00bb type=\u00a0\u00bbfull_width\u00a0\u00bb angled_section=\u00a0\u00bbno\u00a0\u00bb text_align=\u00a0\u00bbleft\u00a0\u00bb background_image_as_pattern=\u00a0\u00bbwithout_pattern\u00a0\u00bb z_index=\u00a0\u00bb\u00a0\u00bb el_id=\u00a0\u00bbmapz\u00a0\u00bb el_class=\u00a0\u00bbpt-0&Prime;][vc_column][vc_gmaps link=\u00a0\u00bb#E-8_JTNDaWZyYW1lJTIwc3JjJTNEJTIyaHR0cHMlM0ElMkYlMkZ3d3cuZ29vZ2xlLmNvbSUyRm1hcHMlMkZlbWJlZCUzRnBiJTNEJTIxMW0xOCUyMTFtMTIlMjExbTMlMjExZDI3OTUuOTg2MzczMTA0MjY0NyUyMTJkLTczLjYyNDMxMDA0ODc2NDMlMjEzZDQ1LjUxMDM1MjkzODI4MDg1JTIxMm0zJTIxMWYwJTIxMmYwJTIxM2YwJTIxM20yJTIxMWkxMDI0JTIxMmk3NjglMjE0ZjEzLjElMjEzbTMlMjExbTIlMjExczB4NGNjOTE5OTZjOTI0NDBiNyUyNTNBMHg0YzNjMTFiZDQxMjEzMTc4JTIxMnNEciUyNTIwRGFuaWVsJTI1MjBEdXJhbmQlMjUyMC0lMjUyME1vbnRyZWFsJTI1MjBQbGFzdGljJTI1MjBTdXJnZXJ5JTI1MjBDbGluaWMlMjUyMCUyNTdDJTI1MjBCcmVhc3QlMjUyMEF1Z21lbnRhdGlvbiUyNTIwTWFtbWFpcmUlMjUyQyUyNTIwQnJlYXN0JTI1MjBMaWZ0JTI1MjBSZWRyYXBhZ2UlMjUyQyUyNTIwU2FsaW5lJTI1MjAtJTI1MjBTaWxpY29uZSUyNTIwSW1wbGFudHMlMjUyMCUyNTdDJTI1MjBPdXRyZW1vbnQlMjUyQyUyNTIwVE1SJTI1MkMlMjUyMExlJTI1MjBQbGF0ZWF1JTI1MkMlMjUyMExhdmFsJTI1MkMlMjUyMENoYXRlYXVndWF5JTIxNWUwJTIxM20yJTIxMXNlbiUyMTJzdXMlMjE0djE2MTU0ODcxMTM1NDUlMjE1bTIlMjExc2VuJTIxMnN1cyUyMiUyMHdpZHRoJTNEJTIyNjAwJTIyJTIwaGVpZ2h0JTNEJTIyNDUwJTIyJTIwZnJhbWVib3JkZXIlM0QlMjIwJTIyJTIwc3R5bGUlM0QlMjJib3JkZXIlM0EwJTIyJTIwYWxsb3dmdWxsc2NyZWVuJTNFJTNDJTJGaWZyYW1lJTNF\u00a0\u00bb][\/vc_column][\/vc_row][vc_row css_animation=\u00a0\u00bb\u00a0\u00bb row_type=\u00a0\u00bbrow\u00a0\u00bb use_row_as_full_screen_section=\u00a0\u00bbno\u00a0\u00bb type=\u00a0\u00bbfull_width\u00a0\u00bb angled_section=\u00a0\u00bbno\u00a0\u00bb text_align=\u00a0\u00bbleft\u00a0\u00bb background_image_as_pattern=\u00a0\u00bbwithout_pattern\u00a0\u00bb el_class=\u00a0\u00bbpt-0&Prime; z_index=\u00a0\u00bb\u00a0\u00bb][vc_column][vc_widget_sidebar sidebar_id=\u00a0\u00bbblogmain\u00a0\u00bb el_class=\u00a0\u00bbpt-0&Prime;][\/vc_column][\/vc_row]<\/p>\n","protected":false},"excerpt":{"rendered":"<p>[vc_row css_animation=\u00a0\u00bb\u00a0\u00bb row_type=\u00a0\u00bbrow\u00a0\u00bb use_row_as_full_screen_section=\u00a0\u00bbno\u00a0\u00bb type=\u00a0\u00bbgrid\u00a0\u00bb angled_section=\u00a0\u00bbno\u00a0\u00bb text_align=\u00a0\u00bbleft\u00a0\u00bb background_image_as_pattern=\u00a0\u00bbwithout_pattern\u00a0\u00bb z_index=\u00a0\u00bb\u00a0\u00bb el_id=\u00a0\u00bbcontact-wrapper\u00a0\u00bb el_class=\u00a0\u00bbpt-100 pb-0&Prime;][vc_column width=\u00a0\u00bb1\/3&Prime; el_class=\u00a0\u00bbdecarie\u00a0\u00bb][vc_column_text el_class=\u00a0\u00bbcontactcol\u00a0\u00bb] DR DANIEL DURAND Chirurgien plastique &amp; esth\u00e9tique [\/vc_column_text][vc_empty_space][\/vc_column][vc_column width=\u00a0\u00bb1\/3&Prime;][vc_column_text el_class=\u00a0\u00bbbusiness-hours\u00a0\u00bb] HEURES D\u2019OUVERTURE Lundi 8h-17h Mardi 8h-17h Mercredi 8h-17h Jeudi 8h-17h Vendredi 8h-17h Samedi Ferm\u00e9 Dimanche Ferm\u00e9 [\/vc_column_text][vc_raw_html]PHVsIGNsYXNzPSJzb2NpYWwtaWNvbnMiPg0KCTxsaT48YSBocmVmPSJodHRwczovL3d3dy55b3V0dWJlLmNvbS9jaGFubmVsL1VDR0hiTl91bHhTcGxhRjhFc3JHMkM1ZyIgdGFyZ2V0PSJfYmxhbmsiPjxpIGNsYXNzPSJmYSBmYS15b3V0dWJlIj48L2k+PC9hPjwvbGk+DQoJPGxpPjxhIGhyZWY9Imh0dHBzOi8vd3d3LmxpbmtlZGluLmNvbS9pbi9kYW5pZWwtZHVyYW5kLTc5YTYzYjI4Lz9vcmlnaW5hbFN1YmRvbWFpbj1jYSIgdGFyZ2V0PSJfYmxhbmsiPjxpIGNsYXNzPSJmYSBmYS1saW5rZWRpbiI+PC9pPjwvYT48L2xpPg0KCTxsaT48YSBocmVmPSJodHRwczovL3d3dy5mYWNlYm9vay5jb20vRHVyYW5kcGxhc3RpY3N1cmdlcnkvIiB0YXJnZXQ9Il9ibGFuayI+PGkgY2xhc3M9ImZhIGZhLWZhY2Vib29rIj48L2k+PC9hPjwvbGk+DQoJPGxpPjxhIGhyZWY9Imh0dHBzOi8vd3d3Lmluc3RhZ3JhbS5jb20vRHVyYW5kcGxhc3RpY3N1cmdlcnkvIiB0YXJnZXQ9Il9ibGFuayI+PGkgY2xhc3M9ImZhIGZhLWluc3RhZ3JhbSI+PC9pPjwvYT48L2xpPg0KCTxsaT48YSBocmVmPSJodHRwczovL3d3dy5yYXRlbWRzLmNvbS9kb2N0b3ItcmF0aW5ncy82NDUxNy9Eci1EYW5pZWwtRHVyYW5kLUNoYXRlYXVndWF5LVFDLmh0bWwiIGNsYXNzPSJyYXRlbWQiIHRhcmdldD0iX2JsYW5rIj48L2E+PC9saT4NCjwvdWw+[\/vc_raw_html][\/vc_column][vc_column width=\u00a0\u00bb1\/3&Prime;][vc_column_text] CONTACTEZ-NOUS [\/vc_column_text][vc_empty_space&#8230;<\/p>\n","protected":false},"author":1,"featured_media":0,"parent":0,"menu_order":0,"comment_status":"closed","ping_status":"closed","template":"full_width.php","meta":{"footnotes":""},"class_list":["post-2538","page","type-page","status-publish","hentry"],"yoast_head":"<!-- This site is optimized with the Yoast SEO plugin v16.9 - https:\/\/yoast.com\/wordpress\/plugins\/seo\/ -->\n<title>Nos emplacements - Montreal Board Certified Plastic Surgeon Dr Daniel Durand<\/title>\n<meta name=\"robots\" content=\"index, follow, max-snippet:-1, max-image-preview:large, max-video-preview:-1\" \/>\n<link rel=\"canonical\" href=\"https:\/\/www.danieldurand.ca\/fr\/nos-emplacements\/\" \/>\n<meta property=\"og:locale\" content=\"fr_FR\" \/>\n<meta property=\"og:type\" content=\"article\" \/>\n<meta property=\"og:title\" content=\"Nos emplacements - Montreal Board Certified Plastic Surgeon Dr Daniel Durand\" \/>\n<meta property=\"og:description\" content=\"[vc_row css_animation=\u00a0\u00bb\u00a0\u00bb row_type=\u00a0\u00bbrow\u00a0\u00bb use_row_as_full_screen_section=\u00a0\u00bbno\u00a0\u00bb type=\u00a0\u00bbgrid\u00a0\u00bb angled_section=\u00a0\u00bbno\u00a0\u00bb text_align=\u00a0\u00bbleft\u00a0\u00bb background_image_as_pattern=\u00a0\u00bbwithout_pattern\u00a0\u00bb z_index=\u00a0\u00bb\u00a0\u00bb el_id=\u00a0\u00bbcontact-wrapper\u00a0\u00bb el_class=\u00a0\u00bbpt-100 pb-0&Prime;][vc_column width=\u00a0\u00bb1\/3&Prime; el_class=\u00a0\u00bbdecarie\u00a0\u00bb][vc_column_text el_class=\u00a0\u00bbcontactcol\u00a0\u00bb] DR DANIEL DURAND Chirurgien plastique &amp; esth\u00e9tique [\/vc_column_text][vc_empty_space][\/vc_column][vc_column width=\u00a0\u00bb1\/3&Prime;][vc_column_text el_class=\u00a0\u00bbbusiness-hours\u00a0\u00bb] HEURES D\u2019OUVERTURE Lundi 8h-17h Mardi 8h-17h Mercredi 8h-17h Jeudi 8h-17h Vendredi 8h-17h Samedi Ferm\u00e9 Dimanche Ferm\u00e9 [\/vc_column_text][vc_raw_html]PHVsIGNsYXNzPSJzb2NpYWwtaWNvbnMiPg0KCTxsaT48YSBocmVmPSJodHRwczovL3d3dy55b3V0dWJlLmNvbS9jaGFubmVsL1VDR0hiTl91bHhTcGxhRjhFc3JHMkM1ZyIgdGFyZ2V0PSJfYmxhbmsiPjxpIGNsYXNzPSJmYSBmYS15b3V0dWJlIj48L2k+PC9hPjwvbGk+DQoJPGxpPjxhIGhyZWY9Imh0dHBzOi8vd3d3LmxpbmtlZGluLmNvbS9pbi9kYW5pZWwtZHVyYW5kLTc5YTYzYjI4Lz9vcmlnaW5hbFN1YmRvbWFpbj1jYSIgdGFyZ2V0PSJfYmxhbmsiPjxpIGNsYXNzPSJmYSBmYS1saW5rZWRpbiI+PC9pPjwvYT48L2xpPg0KCTxsaT48YSBocmVmPSJodHRwczovL3d3dy5mYWNlYm9vay5jb20vRHVyYW5kcGxhc3RpY3N1cmdlcnkvIiB0YXJnZXQ9Il9ibGFuayI+PGkgY2xhc3M9ImZhIGZhLWZhY2Vib29rIj48L2k+PC9hPjwvbGk+DQoJPGxpPjxhIGhyZWY9Imh0dHBzOi8vd3d3Lmluc3RhZ3JhbS5jb20vRHVyYW5kcGxhc3RpY3N1cmdlcnkvIiB0YXJnZXQ9Il9ibGFuayI+PGkgY2xhc3M9ImZhIGZhLWluc3RhZ3JhbSI+PC9pPjwvYT48L2xpPg0KCTxsaT48YSBocmVmPSJodHRwczovL3d3dy5yYXRlbWRzLmNvbS9kb2N0b3ItcmF0aW5ncy82NDUxNy9Eci1EYW5pZWwtRHVyYW5kLUNoYXRlYXVndWF5LVFDLmh0bWwiIGNsYXNzPSJyYXRlbWQiIHRhcmdldD0iX2JsYW5rIj48L2E+PC9saT4NCjwvdWw+[\/vc_raw_html][\/vc_column][vc_column width=\u00a0\u00bb1\/3&Prime;][vc_column_text] CONTACTEZ-NOUS [\/vc_column_text][vc_empty_space...\" \/>\n<meta property=\"og:url\" content=\"https:\/\/www.danieldurand.ca\/fr\/nos-emplacements\/\" \/>\n<meta property=\"og:site_name\" content=\"Montreal Board Certified Plastic Surgeon Dr Daniel Durand\" \/>\n<meta property=\"article:modified_time\" content=\"2023-09-19T13:20:37+00:00\" \/>\n<meta property=\"og:image\" content=\"https:\/\/www.danieldurand.ca\/wp-content\/uploads\/2021\/08\/ddface.jpg\" \/>\n\t<meta property=\"og:image:width\" content=\"1200\" \/>\n\t<meta property=\"og:image:height\" content=\"628\" \/>\n<meta name=\"twitter:card\" content=\"summary_large_image\" \/>\n<meta name=\"twitter:label1\" content=\"Dur\u00e9e de lecture est.\" \/>\n\t<meta name=\"twitter:data1\" content=\"3 minutes\" \/>\n<script type=\"application\/ld+json\" class=\"yoast-schema-graph\">{\"@context\":\"https:\/\/schema.org\",\"@graph\":[{\"@type\":\"WebSite\",\"@id\":\"https:\/\/www.danieldurand.ca\/#website\",\"url\":\"https:\/\/www.danieldurand.ca\/\",\"name\":\"Montreal Board Certified Plastic Surgeon Dr Daniel Durand\",\"description\":\"Cosmetic, Esthetic and Plastic Surgery clinic in Montreal, Laval and Ch\\u00e2teauguay. Surgeries : Breast Augmentation w saline or silicone implants, Breast Lift etc.\",\"potentialAction\":[{\"@type\":\"SearchAction\",\"target\":{\"@type\":\"EntryPoint\",\"urlTemplate\":\"https:\/\/www.danieldurand.ca\/?s={search_term_string}\"},\"query-input\":\"required name=search_term_string\"}],\"inLanguage\":\"fr-FR\"},{\"@type\":\"WebPage\",\"@id\":\"https:\/\/www.danieldurand.ca\/fr\/nos-emplacements\/#webpage\",\"url\":\"https:\/\/www.danieldurand.ca\/fr\/nos-emplacements\/\",\"name\":\"Nos emplacements - Montreal Board Certified Plastic Surgeon Dr Daniel Durand\",\"isPartOf\":{\"@id\":\"https:\/\/www.danieldurand.ca\/#website\"},\"datePublished\":\"2021-07-13T14:19:08+00:00\",\"dateModified\":\"2023-09-19T13:20:37+00:00\",\"breadcrumb\":{\"@id\":\"https:\/\/www.danieldurand.ca\/fr\/nos-emplacements\/#breadcrumb\"},\"inLanguage\":\"fr-FR\",\"potentialAction\":[{\"@type\":\"ReadAction\",\"target\":[\"https:\/\/www.danieldurand.ca\/fr\/nos-emplacements\/\"]}]},{\"@type\":\"BreadcrumbList\",\"@id\":\"https:\/\/www.danieldurand.ca\/fr\/nos-emplacements\/#breadcrumb\",\"itemListElement\":[{\"@type\":\"ListItem\",\"position\":1,\"name\":\"Home\",\"item\":\"https:\/\/www.danieldurand.ca\/fr\/\"},{\"@type\":\"ListItem\",\"position\":2,\"name\":\"Nos emplacements\"}]}]}<\/script>\n<!-- \/ Yoast SEO plugin. -->","yoast_head_json":{"title":"Nos emplacements - Montreal Board Certified Plastic Surgeon Dr Daniel Durand","robots":{"index":"index","follow":"follow","max-snippet":"max-snippet:-1","max-image-preview":"max-image-preview:large","max-video-preview":"max-video-preview:-1"},"canonical":"https:\/\/www.danieldurand.ca\/fr\/nos-emplacements\/","og_locale":"fr_FR","og_type":"article","og_title":"Nos emplacements - Montreal Board Certified Plastic Surgeon Dr Daniel Durand","og_description":"[vc_row css_animation=\u00a0\u00bb\u00a0\u00bb row_type=\u00a0\u00bbrow\u00a0\u00bb use_row_as_full_screen_section=\u00a0\u00bbno\u00a0\u00bb type=\u00a0\u00bbgrid\u00a0\u00bb angled_section=\u00a0\u00bbno\u00a0\u00bb text_align=\u00a0\u00bbleft\u00a0\u00bb background_image_as_pattern=\u00a0\u00bbwithout_pattern\u00a0\u00bb z_index=\u00a0\u00bb\u00a0\u00bb el_id=\u00a0\u00bbcontact-wrapper\u00a0\u00bb el_class=\u00a0\u00bbpt-100 pb-0&Prime;][vc_column width=\u00a0\u00bb1\/3&Prime; el_class=\u00a0\u00bbdecarie\u00a0\u00bb][vc_column_text el_class=\u00a0\u00bbcontactcol\u00a0\u00bb] DR DANIEL DURAND Chirurgien plastique &amp; esth\u00e9tique [\/vc_column_text][vc_empty_space][\/vc_column][vc_column width=\u00a0\u00bb1\/3&Prime;][vc_column_text el_class=\u00a0\u00bbbusiness-hours\u00a0\u00bb] HEURES D\u2019OUVERTURE Lundi 8h-17h Mardi 8h-17h Mercredi 8h-17h Jeudi 8h-17h Vendredi 8h-17h Samedi Ferm\u00e9 Dimanche Ferm\u00e9 [\/vc_column_text][vc_raw_html]PHVsIGNsYXNzPSJzb2NpYWwtaWNvbnMiPg0KCTxsaT48YSBocmVmPSJodHRwczovL3d3dy55b3V0dWJlLmNvbS9jaGFubmVsL1VDR0hiTl91bHhTcGxhRjhFc3JHMkM1ZyIgdGFyZ2V0PSJfYmxhbmsiPjxpIGNsYXNzPSJmYSBmYS15b3V0dWJlIj48L2k+PC9hPjwvbGk+DQoJPGxpPjxhIGhyZWY9Imh0dHBzOi8vd3d3LmxpbmtlZGluLmNvbS9pbi9kYW5pZWwtZHVyYW5kLTc5YTYzYjI4Lz9vcmlnaW5hbFN1YmRvbWFpbj1jYSIgdGFyZ2V0PSJfYmxhbmsiPjxpIGNsYXNzPSJmYSBmYS1saW5rZWRpbiI+PC9pPjwvYT48L2xpPg0KCTxsaT48YSBocmVmPSJodHRwczovL3d3dy5mYWNlYm9vay5jb20vRHVyYW5kcGxhc3RpY3N1cmdlcnkvIiB0YXJnZXQ9Il9ibGFuayI+PGkgY2xhc3M9ImZhIGZhLWZhY2Vib29rIj48L2k+PC9hPjwvbGk+DQoJPGxpPjxhIGhyZWY9Imh0dHBzOi8vd3d3Lmluc3RhZ3JhbS5jb20vRHVyYW5kcGxhc3RpY3N1cmdlcnkvIiB0YXJnZXQ9Il9ibGFuayI+PGkgY2xhc3M9ImZhIGZhLWluc3RhZ3JhbSI+PC9pPjwvYT48L2xpPg0KCTxsaT48YSBocmVmPSJodHRwczovL3d3dy5yYXRlbWRzLmNvbS9kb2N0b3ItcmF0aW5ncy82NDUxNy9Eci1EYW5pZWwtRHVyYW5kLUNoYXRlYXVndWF5LVFDLmh0bWwiIGNsYXNzPSJyYXRlbWQiIHRhcmdldD0iX2JsYW5rIj48L2E+PC9saT4NCjwvdWw+[\/vc_raw_html][\/vc_column][vc_column width=\u00a0\u00bb1\/3&Prime;][vc_column_text] CONTACTEZ-NOUS [\/vc_column_text][vc_empty_space...","og_url":"https:\/\/www.danieldurand.ca\/fr\/nos-emplacements\/","og_site_name":"Montreal Board Certified Plastic Surgeon Dr Daniel Durand","article_modified_time":"2023-09-19T13:20:37+00:00","og_image":[{"width":1200,"height":628,"filesize":67595,"url":"https:\/\/www.danieldurand.ca\/wp-content\/uploads\/2021\/08\/ddface.jpg","path":"\/home\/durand\/web\/danieldurand.ca\/public_html\/wp-content\/uploads\/2021\/08\/ddface.jpg","size":"full","id":2012,"alt":"","pixels":753600,"type":"image\/jpeg"}],"twitter_card":"summary_large_image","twitter_misc":{"Dur\u00e9e de lecture est.":"3 minutes"},"schema":{"@context":"https:\/\/schema.org","@graph":[{"@type":"WebSite","@id":"https:\/\/www.danieldurand.ca\/#website","url":"https:\/\/www.danieldurand.ca\/","name":"Montreal Board Certified Plastic Surgeon Dr Daniel Durand","description":"Cosmetic, Esthetic and Plastic Surgery clinic in Montreal, Laval and Ch\u00e2teauguay. Surgeries : Breast Augmentation w saline or silicone implants, Breast Lift etc.","potentialAction":[{"@type":"SearchAction","target":{"@type":"EntryPoint","urlTemplate":"https:\/\/www.danieldurand.ca\/?s={search_term_string}"},"query-input":"required name=search_term_string"}],"inLanguage":"fr-FR"},{"@type":"WebPage","@id":"https:\/\/www.danieldurand.ca\/fr\/nos-emplacements\/#webpage","url":"https:\/\/www.danieldurand.ca\/fr\/nos-emplacements\/","name":"Nos emplacements - Montreal Board Certified Plastic Surgeon Dr Daniel Durand","isPartOf":{"@id":"https:\/\/www.danieldurand.ca\/#website"},"datePublished":"2021-07-13T14:19:08+00:00","dateModified":"2023-09-19T13:20:37+00:00","breadcrumb":{"@id":"https:\/\/www.danieldurand.ca\/fr\/nos-emplacements\/#breadcrumb"},"inLanguage":"fr-FR","potentialAction":[{"@type":"ReadAction","target":["https:\/\/www.danieldurand.ca\/fr\/nos-emplacements\/"]}]},{"@type":"BreadcrumbList","@id":"https:\/\/www.danieldurand.ca\/fr\/nos-emplacements\/#breadcrumb","itemListElement":[{"@type":"ListItem","position":1,"name":"Home","item":"https:\/\/www.danieldurand.ca\/fr\/"},{"@type":"ListItem","position":2,"name":"Nos emplacements"}]}]}},"_links":{"self":[{"href":"https:\/\/www.danieldurand.ca\/fr\/wp-json\/wp\/v2\/pages\/2538","targetHints":{"allow":["GET"]}}],"collection":[{"href":"https:\/\/www.danieldurand.ca\/fr\/wp-json\/wp\/v2\/pages"}],"about":[{"href":"https:\/\/www.danieldurand.ca\/fr\/wp-json\/wp\/v2\/types\/page"}],"author":[{"embeddable":true,"href":"https:\/\/www.danieldurand.ca\/fr\/wp-json\/wp\/v2\/users\/1"}],"replies":[{"embeddable":true,"href":"https:\/\/www.danieldurand.ca\/fr\/wp-json\/wp\/v2\/comments?post=2538"}],"version-history":[{"count":4,"href":"https:\/\/www.danieldurand.ca\/fr\/wp-json\/wp\/v2\/pages\/2538\/revisions"}],"predecessor-version":[{"id":2838,"href":"https:\/\/www.danieldurand.ca\/fr\/wp-json\/wp\/v2\/pages\/2538\/revisions\/2838"}],"wp:attachment":[{"href":"https:\/\/www.danieldurand.ca\/fr\/wp-json\/wp\/v2\/media?parent=2538"}],"curies":[{"name":"wp","href":"https:\/\/api.w.org\/{rel}","templated":true}]}}