{"id":2534,"date":"2021-07-10T14:56:20","date_gmt":"2021-07-10T14:56:20","guid":{"rendered":"https:\/\/www.danieldurand.ca\/consultations-virtuelles\/"},"modified":"2022-03-02T14:27:38","modified_gmt":"2022-03-02T14:27:38","slug":"consultations-virtuelles","status":"publish","type":"page","link":"https:\/\/www.danieldurand.ca\/fr\/consultations-virtuelles\/","title":{"rendered":"Consultations virtuelles"},"content":{"rendered":"<p>[vc_row css_animation=\u00a0\u00bb\u00a0\u00bb row_type=\u00a0\u00bbrow\u00a0\u00bb use_row_as_full_screen_section=\u00a0\u00bbno\u00a0\u00bb type=\u00a0\u00bbgrid\u00a0\u00bb angled_section=\u00a0\u00bbno\u00a0\u00bb text_align=\u00a0\u00bbleft\u00a0\u00bb background_image_as_pattern=\u00a0\u00bbwithout_pattern\u00a0\u00bb z_index=\u00a0\u00bb\u00a0\u00bb el_class=\u00a0\u00bbpt-100 flex-center reverse-column-sm\u00a0\u00bb][vc_column width=\u00a0\u00bb1\/2&Prime; el_class=\u00a0\u00bbpr-60&Prime;][vc_column_text]<\/p>\n<h2>Avantages d&rsquo;une consultation virtuelle :<\/h2>\n<ol class=\"numbers\">\n<li>Une rencontre individuelle avec le Dr Durand dans le confort de votre maison.<\/li>\n<li>Des r\u00e9ponses \u00e0 vos questions concernant vos objectifs esth\u00e9tiques et vos probl\u00e8mes de sant\u00e9.<\/li>\n<li>Suggestion de la proc\u00e9dure ou du plan de traitement le plus efficace pour vous.<\/li>\n<li>Des r\u00e9ponses \u00e0 vos questions concernant la proc\u00e9dure et les soins ult\u00e9rieurs n\u00e9cessaires.<\/li>\n<li>Passez en premi\u00e8re ligne pour des proc\u00e9dures de traitement ou une intervention chirurgicale plus tard en clinique<\/li>\n<\/ol>\n<p>[\/vc_column_text][\/vc_column][vc_column width=\u00a0\u00bb1\/2&Prime;][vc_single_image image=\u00a0\u00bb2351&Prime; img_size=\u00a0\u00bbfull\u00a0\u00bb qode_css_animation=\u00a0\u00bb\u00a0\u00bb][\/vc_column][\/vc_row][vc_row css_animation=\u00a0\u00bb\u00a0\u00bb row_type=\u00a0\u00bbrow\u00a0\u00bb use_row_as_full_screen_section=\u00a0\u00bbno\u00a0\u00bb type=\u00a0\u00bbgrid\u00a0\u00bb angled_section=\u00a0\u00bbno\u00a0\u00bb text_align=\u00a0\u00bbleft\u00a0\u00bb background_image_as_pattern=\u00a0\u00bbwithout_pattern\u00a0\u00bb z_index=\u00a0\u00bb\u00a0\u00bb el_class=\u00a0\u00bbpt-100 flex-center pt-0&Prime;][vc_column width=\u00a0\u00bb1\/2&Prime;][vc_column_text]<\/p>\n<div style=\"width: 1060px;\" class=\"wp-video\"><video class=\"wp-video-shortcode\" id=\"video-2534-1\" width=\"1060\" height=\"596\" poster=\"https:\/\/www.danieldurand.ca\/wp-content\/uploads\/2021\/07\/cris2.jpg\" preload=\"metadata\" controls=\"controls\"><source type=\"video\/mp4\" src=\"https:\/\/www.danieldurand.ca\/wp-content\/uploads\/2021\/07\/1914734158.mp4?_=1\" \/><a href=\"https:\/\/www.danieldurand.ca\/wp-content\/uploads\/2021\/07\/1914734158.mp4\">https:\/\/www.danieldurand.ca\/wp-content\/uploads\/2021\/07\/1914734158.mp4<\/a><\/video><\/div>\n<p>[\/vc_column_text][vc_empty_space height=\u00a0\u00bb40px\u00a0\u00bb el_class=\u00a0\u00bbshow-sm\u00a0\u00bb][\/vc_column][vc_column width=\u00a0\u00bb1\/2&Prime; el_class=\u00a0\u00bbpl-60&Prime;][vc_column_text el_class=\u00a0\u00bbsmallerh\u00a0\u00bb]<\/p>\n<h2>R\u00e9servez une consultation virtuelle en 3D<\/h2>\n<h3 class=\"thin\">BIENVENUE DANS UNE NOUVELLE \u00c8RE DE CONSULTATIONS.<br \/>\nLA NOUVELLE NORME DE COMMUNICATION ESTH\u00c9TIQUE PENDANT LE COVID-19 ET AU-DEL\u00c0.<\/h3>\n<p>Visitez virtuellement notre cabinet avec les consultations \u00e0 distance 3D ou la t\u00e9l\u00e9m\u00e9decine si vous envisagez des traitements et voulez s\u00e9curiser vos futures interventions.<\/p>\n<p>Commencez d\u00e8s maintenant votre consultation 3D avec le Dr Daniel Durand ![\/vc_column_text]<a href=\"https:\/\/my.crisalix.com\/signup?token=6111e4479d92ac75595789e345787f05&amp;origin=directory&amp;locale=en\" class=\"durand-btn arrow\" target=\"_blank\"><span>R\u00c9SERVER UNE CONSULTATION 3D CRISALIX<\/span><\/a>[\/vc_column][\/vc_row][vc_row css_animation=\u00a0\u00bb\u00a0\u00bb row_type=\u00a0\u00bbrow\u00a0\u00bb use_row_as_full_screen_section=\u00a0\u00bbno\u00a0\u00bb type=\u00a0\u00bbgrid\u00a0\u00bb angled_section=\u00a0\u00bbno\u00a0\u00bb text_align=\u00a0\u00bbleft\u00a0\u00bb background_image_as_pattern=\u00a0\u00bbwithout_pattern\u00a0\u00bb z_index=\u00a0\u00bb\u00a0\u00bb el_class=\u00a0\u00bbp-100 pt-0&Prime; el_id=\u00a0\u00bbjourn\u00a0\u00bb][vc_column][vc_column_text]<\/p>\n<h2>COMMENCEZ VOTRE EXP\u00c9RIENCE VERS LE RAJEUNISSEMENT<br \/>\nDE VOTRE VISAGE OU DE VOTRE CORPS D\u00c8S AUJOURD&rsquo;HUI !<\/h2>\n<h3 class=\"thin\">R\u00c9SERVEZ VOTRE CONSULTATION EN LIGNE \u00c0 PARTIR DU CONFORT DE VOTRE MAISON<\/h3>\n<p>Dr Durand offre des consultations virtuelles pour discuter de vos objectifs esth\u00e9tiques dans le confort et la s\u00e9curit\u00e9 de votre maison.<\/p>\n<p>Vous \u00eates invit\u00e9s \u00e0 envoyer vos photos lors de la r\u00e9servation de votre consultation en ligne pour discuter du domaine de vos pr\u00e9occupations. Faites le premier pas aujourd&rsquo;hui.<\/p>\n<p><a href=\"https:\/\/www.danieldurand.ca\/fr\/reservez-une-consultation\/\">R\u00e9servez en ligne<\/a> ou appelez pour une consultation personnelle<br \/>\n<div class='q_icon_with_title medium normal_icon call-phone'><div class=\"icon_holder \" style=\" \"><span data-icon-type=\"normal\"  data-icon-hover-color=\"#000000\" style=\"font-size: 26px;\" class=\"qode_iwt_icon_holder q_font_awsome_icon fa-3x  \"><i class=\"qode_icon_font_awesome fa fa-phone qode_iwt_icon_element\" style=\"color: #000000;\" ><\/i><\/span><\/div><div class=\"icon_text_holder\" style=\"\"><div class=\"icon_text_inner\" style=\"\"><h4 class=\"icon_title\" style=\"\"><\/h4><p style=''><\/p><a itemprop='url' class='icon_with_title_link' href='tel:5149415562' target='_self' style=''>(514) 941-5562<\/a><\/div><\/div><\/div>\n<p>Nous serions heureux de discuter de vos options plus en d\u00e9tails.[\/vc_column_text]<a href=\"https:\/\/www.danieldurand.ca\/fr\/reservez-une-consultation\/\" class=\"durand-btn arrow\" target=\"_self\"><span>R\u00c9SERVER UNE CONSULTATION 3D CRISALIX<\/span><\/a>[\/vc_column][\/vc_row][vc_row css_animation=\u00a0\u00bb\u00a0\u00bb row_type=\u00a0\u00bbrow\u00a0\u00bb use_row_as_full_screen_section=\u00a0\u00bbno\u00a0\u00bb type=\u00a0\u00bbfull_width\u00a0\u00bb angled_section=\u00a0\u00bbno\u00a0\u00bb text_align=\u00a0\u00bbleft\u00a0\u00bb background_image_as_pattern=\u00a0\u00bbwithout_pattern\u00a0\u00bb el_class=\u00a0\u00bbpt-0&Prime; z_index=\u00a0\u00bb\u00a0\u00bb][vc_column][vc_widget_sidebar sidebar_id=\u00a0\u00bbblogmain\u00a0\u00bb][\/vc_column][\/vc_row]<\/p>\n","protected":false},"excerpt":{"rendered":"<p>[vc_row css_animation=\u00a0\u00bb\u00a0\u00bb row_type=\u00a0\u00bbrow\u00a0\u00bb use_row_as_full_screen_section=\u00a0\u00bbno\u00a0\u00bb type=\u00a0\u00bbgrid\u00a0\u00bb angled_section=\u00a0\u00bbno\u00a0\u00bb text_align=\u00a0\u00bbleft\u00a0\u00bb background_image_as_pattern=\u00a0\u00bbwithout_pattern\u00a0\u00bb z_index=\u00a0\u00bb\u00a0\u00bb el_class=\u00a0\u00bbpt-100 flex-center reverse-column-sm\u00a0\u00bb][vc_column width=\u00a0\u00bb1\/2&Prime; el_class=\u00a0\u00bbpr-60&Prime;][vc_column_text] Avantages d&rsquo;une consultation virtuelle : Une rencontre individuelle avec le Dr Durand dans le confort de votre maison. Des r\u00e9ponses \u00e0 vos questions concernant vos objectifs esth\u00e9tiques et vos probl\u00e8mes de&#8230;<\/p>\n","protected":false},"author":1,"featured_media":2426,"parent":0,"menu_order":0,"comment_status":"closed","ping_status":"closed","template":"full_width.php","meta":{"footnotes":""},"class_list":["post-2534","page","type-page","status-publish","has-post-thumbnail","hentry"],"yoast_head":"<!-- This site is optimized with the Yoast SEO plugin v16.9 - https:\/\/yoast.com\/wordpress\/plugins\/seo\/ -->\n<title>Consultations virtuelles - Montreal Board Certified Plastic Surgeon Dr Daniel Durand<\/title>\n<meta name=\"robots\" content=\"index, follow, max-snippet:-1, max-image-preview:large, max-video-preview:-1\" \/>\n<link rel=\"canonical\" href=\"https:\/\/www.danieldurand.ca\/virtual-consultation\/\" \/>\n<meta property=\"og:locale\" content=\"fr_FR\" \/>\n<meta property=\"og:type\" content=\"article\" \/>\n<meta property=\"og:title\" content=\"Consultations virtuelles - Montreal Board Certified Plastic Surgeon Dr Daniel Durand\" \/>\n<meta property=\"og:description\" content=\"[vc_row css_animation=\u00a0\u00bb\u00a0\u00bb row_type=\u00a0\u00bbrow\u00a0\u00bb use_row_as_full_screen_section=\u00a0\u00bbno\u00a0\u00bb type=\u00a0\u00bbgrid\u00a0\u00bb angled_section=\u00a0\u00bbno\u00a0\u00bb text_align=\u00a0\u00bbleft\u00a0\u00bb background_image_as_pattern=\u00a0\u00bbwithout_pattern\u00a0\u00bb z_index=\u00a0\u00bb\u00a0\u00bb el_class=\u00a0\u00bbpt-100 flex-center reverse-column-sm\u00a0\u00bb][vc_column width=\u00a0\u00bb1\/2&Prime; el_class=\u00a0\u00bbpr-60&Prime;][vc_column_text] Avantages d&rsquo;une consultation virtuelle : Une rencontre individuelle avec le Dr Durand dans le confort de votre maison. Des r\u00e9ponses \u00e0 vos questions concernant vos objectifs esth\u00e9tiques et vos probl\u00e8mes de...\" \/>\n<meta property=\"og:url\" content=\"https:\/\/www.danieldurand.ca\/virtual-consultation\/\" \/>\n<meta property=\"og:site_name\" content=\"Montreal Board Certified Plastic Surgeon Dr Daniel Durand\" \/>\n<meta property=\"article:modified_time\" content=\"2022-03-02T14:27:38+00:00\" \/>\n<meta property=\"og:image\" content=\"https:\/\/www.danieldurand.ca\/wp-content\/uploads\/2021\/07\/virtualcons-1.jpg\" \/>\n\t<meta property=\"og:image:width\" content=\"1920\" \/>\n\t<meta property=\"og:image:height\" content=\"844\" \/>\n<meta name=\"twitter:card\" content=\"summary_large_image\" \/>\n<meta name=\"twitter:label1\" content=\"Dur\u00e9e de lecture est.\" \/>\n\t<meta name=\"twitter:data1\" content=\"3 minutes\" \/>\n<script type=\"application\/ld+json\" class=\"yoast-schema-graph\">{\"@context\":\"https:\/\/schema.org\",\"@graph\":[{\"@type\":\"WebSite\",\"@id\":\"https:\/\/www.danieldurand.ca\/#website\",\"url\":\"https:\/\/www.danieldurand.ca\/\",\"name\":\"Montreal Board Certified Plastic Surgeon Dr Daniel Durand\",\"description\":\"Cosmetic, Esthetic and Plastic Surgery clinic in Montreal, Laval and Ch\\u00e2teauguay. Surgeries : Breast Augmentation w saline or silicone implants, Breast Lift etc.\",\"potentialAction\":[{\"@type\":\"SearchAction\",\"target\":{\"@type\":\"EntryPoint\",\"urlTemplate\":\"https:\/\/www.danieldurand.ca\/?s={search_term_string}\"},\"query-input\":\"required name=search_term_string\"}],\"inLanguage\":\"fr-FR\"},{\"@type\":\"ImageObject\",\"@id\":\"https:\/\/www.danieldurand.ca\/virtual-consultation\/#primaryimage\",\"inLanguage\":\"fr-FR\",\"url\":\"https:\/\/www.danieldurand.ca\/wp-content\/uploads\/2021\/07\/virtualcons-1.jpg\",\"contentUrl\":\"https:\/\/www.danieldurand.ca\/wp-content\/uploads\/2021\/07\/virtualcons-1.jpg\",\"width\":1920,\"height\":844},{\"@type\":\"WebPage\",\"@id\":\"https:\/\/www.danieldurand.ca\/virtual-consultation\/#webpage\",\"url\":\"https:\/\/www.danieldurand.ca\/virtual-consultation\/\",\"name\":\"Consultations virtuelles - Montreal Board Certified Plastic Surgeon Dr Daniel Durand\",\"isPartOf\":{\"@id\":\"https:\/\/www.danieldurand.ca\/#website\"},\"primaryImageOfPage\":{\"@id\":\"https:\/\/www.danieldurand.ca\/virtual-consultation\/#primaryimage\"},\"datePublished\":\"2021-07-10T14:56:20+00:00\",\"dateModified\":\"2022-03-02T14:27:38+00:00\",\"breadcrumb\":{\"@id\":\"https:\/\/www.danieldurand.ca\/virtual-consultation\/#breadcrumb\"},\"inLanguage\":\"fr-FR\",\"potentialAction\":[{\"@type\":\"ReadAction\",\"target\":[\"https:\/\/www.danieldurand.ca\/virtual-consultation\/\"]}]},{\"@type\":\"BreadcrumbList\",\"@id\":\"https:\/\/www.danieldurand.ca\/virtual-consultation\/#breadcrumb\",\"itemListElement\":[{\"@type\":\"ListItem\",\"position\":1,\"name\":\"Home\",\"item\":\"https:\/\/www.danieldurand.ca\/fr\/\"},{\"@type\":\"ListItem\",\"position\":2,\"name\":\"Consultations virtuelles\"}]}]}<\/script>\n<!-- \/ Yoast SEO plugin. -->","yoast_head_json":{"title":"Consultations virtuelles - Montreal Board Certified Plastic Surgeon Dr Daniel Durand","robots":{"index":"index","follow":"follow","max-snippet":"max-snippet:-1","max-image-preview":"max-image-preview:large","max-video-preview":"max-video-preview:-1"},"canonical":"https:\/\/www.danieldurand.ca\/virtual-consultation\/","og_locale":"fr_FR","og_type":"article","og_title":"Consultations virtuelles - Montreal Board Certified Plastic Surgeon Dr Daniel Durand","og_description":"[vc_row css_animation=\u00a0\u00bb\u00a0\u00bb row_type=\u00a0\u00bbrow\u00a0\u00bb use_row_as_full_screen_section=\u00a0\u00bbno\u00a0\u00bb type=\u00a0\u00bbgrid\u00a0\u00bb angled_section=\u00a0\u00bbno\u00a0\u00bb text_align=\u00a0\u00bbleft\u00a0\u00bb background_image_as_pattern=\u00a0\u00bbwithout_pattern\u00a0\u00bb z_index=\u00a0\u00bb\u00a0\u00bb el_class=\u00a0\u00bbpt-100 flex-center reverse-column-sm\u00a0\u00bb][vc_column width=\u00a0\u00bb1\/2&Prime; el_class=\u00a0\u00bbpr-60&Prime;][vc_column_text] Avantages d&rsquo;une consultation virtuelle : Une rencontre individuelle avec le Dr Durand dans le confort de votre maison. Des r\u00e9ponses \u00e0 vos questions concernant vos objectifs esth\u00e9tiques et vos probl\u00e8mes de...","og_url":"https:\/\/www.danieldurand.ca\/virtual-consultation\/","og_site_name":"Montreal Board Certified Plastic Surgeon Dr Daniel Durand","article_modified_time":"2022-03-02T14:27:38+00:00","og_image":[{"width":1920,"height":844,"url":"https:\/\/www.danieldurand.ca\/wp-content\/uploads\/2021\/07\/virtualcons-1.jpg","path":"\/home\/durand\/web\/danieldurand.ca\/public_html\/wp-content\/uploads\/2021\/07\/virtualcons-1.jpg","size":"full","id":2426,"alt":"","pixels":1620480,"type":"image\/jpeg"}],"twitter_card":"summary_large_image","twitter_misc":{"Dur\u00e9e de lecture est.":"3 minutes"},"schema":{"@context":"https:\/\/schema.org","@graph":[{"@type":"WebSite","@id":"https:\/\/www.danieldurand.ca\/#website","url":"https:\/\/www.danieldurand.ca\/","name":"Montreal Board Certified Plastic Surgeon Dr Daniel Durand","description":"Cosmetic, Esthetic and Plastic Surgery clinic in Montreal, Laval and Ch\u00e2teauguay. Surgeries : Breast Augmentation w saline or silicone implants, Breast Lift etc.","potentialAction":[{"@type":"SearchAction","target":{"@type":"EntryPoint","urlTemplate":"https:\/\/www.danieldurand.ca\/?s={search_term_string}"},"query-input":"required name=search_term_string"}],"inLanguage":"fr-FR"},{"@type":"ImageObject","@id":"https:\/\/www.danieldurand.ca\/virtual-consultation\/#primaryimage","inLanguage":"fr-FR","url":"https:\/\/www.danieldurand.ca\/wp-content\/uploads\/2021\/07\/virtualcons-1.jpg","contentUrl":"https:\/\/www.danieldurand.ca\/wp-content\/uploads\/2021\/07\/virtualcons-1.jpg","width":1920,"height":844},{"@type":"WebPage","@id":"https:\/\/www.danieldurand.ca\/virtual-consultation\/#webpage","url":"https:\/\/www.danieldurand.ca\/virtual-consultation\/","name":"Consultations virtuelles - Montreal Board Certified Plastic Surgeon Dr Daniel Durand","isPartOf":{"@id":"https:\/\/www.danieldurand.ca\/#website"},"primaryImageOfPage":{"@id":"https:\/\/www.danieldurand.ca\/virtual-consultation\/#primaryimage"},"datePublished":"2021-07-10T14:56:20+00:00","dateModified":"2022-03-02T14:27:38+00:00","breadcrumb":{"@id":"https:\/\/www.danieldurand.ca\/virtual-consultation\/#breadcrumb"},"inLanguage":"fr-FR","potentialAction":[{"@type":"ReadAction","target":["https:\/\/www.danieldurand.ca\/virtual-consultation\/"]}]},{"@type":"BreadcrumbList","@id":"https:\/\/www.danieldurand.ca\/virtual-consultation\/#breadcrumb","itemListElement":[{"@type":"ListItem","position":1,"name":"Home","item":"https:\/\/www.danieldurand.ca\/fr\/"},{"@type":"ListItem","position":2,"name":"Consultations virtuelles"}]}]}},"_links":{"self":[{"href":"https:\/\/www.danieldurand.ca\/fr\/wp-json\/wp\/v2\/pages\/2534","targetHints":{"allow":["GET"]}}],"collection":[{"href":"https:\/\/www.danieldurand.ca\/fr\/wp-json\/wp\/v2\/pages"}],"about":[{"href":"https:\/\/www.danieldurand.ca\/fr\/wp-json\/wp\/v2\/types\/page"}],"author":[{"embeddable":true,"href":"https:\/\/www.danieldurand.ca\/fr\/wp-json\/wp\/v2\/users\/1"}],"replies":[{"embeddable":true,"href":"https:\/\/www.danieldurand.ca\/fr\/wp-json\/wp\/v2\/comments?post=2534"}],"version-history":[{"count":3,"href":"https:\/\/www.danieldurand.ca\/fr\/wp-json\/wp\/v2\/pages\/2534\/revisions"}],"predecessor-version":[{"id":2537,"href":"https:\/\/www.danieldurand.ca\/fr\/wp-json\/wp\/v2\/pages\/2534\/revisions\/2537"}],"wp:featuredmedia":[{"embeddable":true,"href":"https:\/\/www.danieldurand.ca\/fr\/wp-json\/wp\/v2\/media\/2426"}],"wp:attachment":[{"href":"https:\/\/www.danieldurand.ca\/fr\/wp-json\/wp\/v2\/media?parent=2534"}],"curies":[{"name":"wp","href":"https:\/\/api.w.org\/{rel}","templated":true}]}}