{"id":2520,"date":"2021-07-14T20:07:26","date_gmt":"2021-07-14T20:07:26","guid":{"rendered":"https:\/\/www.danieldurand.ca\/notre-clinique\/"},"modified":"2022-03-01T20:22:59","modified_gmt":"2022-03-01T20:22:59","slug":"notre-clinique","status":"publish","type":"page","link":"https:\/\/www.danieldurand.ca\/fr\/notre-clinique\/","title":{"rendered":"Notre clinique"},"content":{"rendered":"<p>[vc_row css_animation=\u00a0\u00bb\u00a0\u00bb row_type=\u00a0\u00bbrow\u00a0\u00bb use_row_as_full_screen_section=\u00a0\u00bbno\u00a0\u00bb type=\u00a0\u00bbgrid\u00a0\u00bb angled_section=\u00a0\u00bbno\u00a0\u00bb text_align=\u00a0\u00bbleft\u00a0\u00bb background_image_as_pattern=\u00a0\u00bbwithout_pattern\u00a0\u00bb z_index=\u00a0\u00bb\u00a0\u00bb el_class=\u00a0\u00bbflex-center reverse-column-sm\u00a0\u00bb][vc_column width=\u00a0\u00bb1\/2&Prime; el_class=\u00a0\u00bbpr-60&Prime;][vc_column_text]<\/p>\n<h2 class=\"nowrap-md\">La pratique priv\u00e9e de Dr Durand<\/h2>\n<h3 class=\"thin\">Clinique de chirurgie plastique de pointe<\/h3>\n<p>\u00c0 notre clinique, nous comprenons que votre qualit\u00e9 de vie peut \u00eatre affect\u00e9e par des pr\u00e9occupations li\u00e9es \u00e0 l\u2019esth\u00e9tique\u00a0: vous sentir \u00e0 l\u2019aise avec votre corps et vivre un style de vie sant\u00e9 sont essentiels \u00e0 votre bien-\u00eatre. Le Dr Durand et ses associ\u00e9s peuvent vous aider. Notre \u00e9quipe de chirurgiens est class\u00e9e comme l\u2019une des meilleures au Canada, et nous offrons tout un spectre d\u2019interventions chirurgicales qui visent \u00e0 am\u00e9liorer votre qualit\u00e9 de vie.<\/p>\n<p>La clinique est \u00e9quip\u00e9e de technologies de pointe, et notre \u00e9quipe est form\u00e9e pour prodiguer les techniques chirurgicales de derni\u00e8re g\u00e9n\u00e9ration.<\/p>\n<p>Dans un environnement confortable, vous serez entour\u00e9s d\u2019une \u00e9quipe chevronn\u00e9e qui vise constamment \u00e0 offrir des soins de grande qualit\u00e9, de m\u00eame qu\u2019un accompagnement psychologique adapt\u00e9.[\/vc_column_text][\/vc_column][vc_column width=\u00a0\u00bb1\/2&Prime;][vc_single_image image=\u00a0\u00bb2381&Prime; img_size=\u00a0\u00bbfull\u00a0\u00bb alignment=\u00a0\u00bbcenter\u00a0\u00bb qode_css_animation=\u00a0\u00bb\u00a0\u00bb][\/vc_column][\/vc_row][vc_row css_animation=\u00a0\u00bb\u00a0\u00bb row_type=\u00a0\u00bbrow\u00a0\u00bb use_row_as_full_screen_section=\u00a0\u00bbno\u00a0\u00bb type=\u00a0\u00bbgrid\u00a0\u00bb angled_section=\u00a0\u00bbno\u00a0\u00bb text_align=\u00a0\u00bbleft\u00a0\u00bb background_image_as_pattern=\u00a0\u00bbwithout_pattern\u00a0\u00bb z_index=\u00a0\u00bb\u00a0\u00bb el_class=\u00a0\u00bbflex-center pt-0&Prime;][vc_column width=\u00a0\u00bb1\/2&Prime;][vc_single_image image=\u00a0\u00bb2382&Prime; img_size=\u00a0\u00bbfull\u00a0\u00bb qode_css_animation=\u00a0\u00bb\u00a0\u00bb][vc_empty_space height=\u00a0\u00bb40px\u00a0\u00bb el_class=\u00a0\u00bbshow-sm\u00a0\u00bb][\/vc_column][vc_column width=\u00a0\u00bb1\/2&Prime; el_class=\u00a0\u00bbpl-60&Prime;][vc_column_text]<\/p>\n<h2>Notre philosophie<\/h2>\n<h3 class=\"thin\">Pendant que vous recevez des soins chez nous, nos pr\u00e9occupations premi\u00e8res sont votre confort, votre s\u00e9curit\u00e9 et votre sant\u00e9.<\/h3>\n<p>Nos proc\u00e9dures sont con\u00e7ues pour assurer votre bien-\u00eatre, le r\u00e9sultat le meilleur possible et un retour \u00e0 la normale des plus rapides. En travaillant avec notre \u00e9quipe, vous vous assurez que les soins qui vous serons prodigu\u00e9s seront s\u00e9curitaires. Nous sommes ouverts \u00e0 \u00e9couter l\u2019ensemble de vos pr\u00e9occupations et questions et vous encourageons \u00e0 en faire mention \u00e0 nos m\u00e9decins, car ils sauront comment corriger la situation.[\/vc_column_text][\/vc_column][\/vc_row][vc_row css_animation=\u00a0\u00bb\u00a0\u00bb row_type=\u00a0\u00bbrow\u00a0\u00bb use_row_as_full_screen_section=\u00a0\u00bbno\u00a0\u00bb type=\u00a0\u00bbgrid\u00a0\u00bb angled_section=\u00a0\u00bbno\u00a0\u00bb text_align=\u00a0\u00bbleft\u00a0\u00bb background_image_as_pattern=\u00a0\u00bbwithout_pattern\u00a0\u00bb z_index=\u00a0\u00bb\u00a0\u00bb el_class=\u00a0\u00bbpt-40 pt-sm-0&Prime;][vc_column][vc_column_text el_class=\u00a0\u00bbfraze\u00a0\u00bb]<\/p>\n<h2 style=\"text-align: center;\">Notre Clinique est \u00e0 la fine pointe de la technologie et offre, parall\u00e8lement \u00e0 nos professionnels de la sant\u00e9, des services de qualit\u00e9. N\u2019h\u00e9sitez pas \u00e0 nous contacter directement si vous avez la moindre question.<\/h2>\n<p>[\/vc_column_text][\/vc_column][vc_column width=\u00a0\u00bb1\/3&Prime; el_class=\u00a0\u00bbbanner\u00a0\u00bb][vc_single_image image=\u00a0\u00bb2215&Prime; img_size=\u00a0\u00bbfull\u00a0\u00bb add_caption=\u00a0\u00bbyes\u00a0\u00bb alignment=\u00a0\u00bbcenter\u00a0\u00bb onclick=\u00a0\u00bbcustom_link\u00a0\u00bb qode_css_animation=\u00a0\u00bbelement_from_fade\u00a0\u00bb qode_hover_animation=\u00a0\u00bbzoom_in\u00a0\u00bb link=\u00a0\u00bb#\u00a0\u00bb el_class=\u00a0\u00bbask-open\u00a0\u00bb transition_delay=\u00a0\u00bb0.1&Prime;][\/vc_column][vc_column width=\u00a0\u00bb1\/3&Prime; el_class=\u00a0\u00bbbanner\u00a0\u00bb][vc_single_image image=\u00a0\u00bb2213&Prime; img_size=\u00a0\u00bbfull\u00a0\u00bb add_caption=\u00a0\u00bbyes\u00a0\u00bb alignment=\u00a0\u00bbcenter\u00a0\u00bb onclick=\u00a0\u00bbcustom_link\u00a0\u00bb qode_css_animation=\u00a0\u00bbelement_from_fade\u00a0\u00bb qode_hover_animation=\u00a0\u00bbzoom_in\u00a0\u00bb link=\u00a0\u00bbhttps:%2F%2Fwww.danieldurand.ca%2Fvirtual-consultation%2F|\u00a0\u00bb transition_delay=\u00a0\u00bb0.2&Prime; el_class=\u00a0\u00bbvirt\u00a0\u00bb][\/vc_column][vc_column width=\u00a0\u00bb1\/3&Prime; el_class=\u00a0\u00bbbanner\u00a0\u00bb][vc_single_image image=\u00a0\u00bb2214&Prime; img_size=\u00a0\u00bbfull\u00a0\u00bb add_caption=\u00a0\u00bbyes\u00a0\u00bb alignment=\u00a0\u00bbcenter\u00a0\u00bb onclick=\u00a0\u00bbcustom_link\u00a0\u00bb qode_css_animation=\u00a0\u00bbelement_from_fade\u00a0\u00bb qode_hover_animation=\u00a0\u00bbzoom_in\u00a0\u00bb link=\u00a0\u00bbhttps:%2F%2Fwww.danieldurand.ca%2Fbook-a-consultation%2F|\u00a0\u00bb transition_delay=\u00a0\u00bb0.3&Prime; el_class=\u00a0\u00bbbookbnr\u00a0\u00bb][\/vc_column][\/vc_row][vc_row css_animation=\u00a0\u00bb\u00a0\u00bb row_type=\u00a0\u00bbrow\u00a0\u00bb use_row_as_full_screen_section=\u00a0\u00bbno\u00a0\u00bb type=\u00a0\u00bbgrid\u00a0\u00bb angled_section=\u00a0\u00bbno\u00a0\u00bb text_align=\u00a0\u00bbleft\u00a0\u00bb background_image_as_pattern=\u00a0\u00bbwithout_pattern\u00a0\u00bb el_id=\u00a0\u00bblastcall\u00a0\u00bb z_index=\u00a0\u00bb\u00a0\u00bb el_class=\u00a0\u00bbgoldish\u00a0\u00bb][vc_column][vc_raw_html]PHN2ZyB4bWxucz0iaHR0cDovL3d3dy53My5vcmcvMjAwMC9zdmciIHZpZXdCb3g9IjAgMCAzOTMuOTYgNTMxLjY3Ij48ZGVmcz48c3R5bGU+LmNscy0xe2ZpbGw6IzIzMWYyMDt9PC9zdHlsZT48L2RlZnM+PGcgaWQ9IkxheWVyXzIiIGRhdGEtbmFtZT0iTGF5ZXIgMiI+PGcgaWQ9IkxheWVyXzEtMiIgZGF0YS1uYW1lPSJMYXllciAxIj48cGF0aCBjbGFzcz0iY2xzLTEiIGQ9Ik0xNDUsLjM1aC0uMDdzMC0uMDcsMC0uMTFaIi8+PHBhdGggY2xhc3M9ImNscy0xIiBkPSJNMjE1LjUzLDIyOS4zOWMyNy44NSw1NC44LDQwLjc1LDEzMC4xNSwxNC4yNCwxOTUuMi0xNy44OSw0My44Ny04MSw4Ni45My0xODAuODgsOTQuMjFsLS41Mi0uMTdDMTQ4LjMxLDQ4Ny4wNiwxNzQsNDcwLjg1LDE5OS44NCw0MjYuNGM3LjktMTMuNiwxMy44OS0zOC4yNSwxMi44My02OC42LTEuMTQtMzIuMzctMTYuMi03Mi4xMy0zNC42NS0xMDguMzgtMzAuNTQtNjAtNDUuNzctMTE5LjMxLTMzLjA4LTI0OS4wOEgxNDVjMTQuMzgsMzEuMTcsNzguNjgsODguODgsMTE4LjUyLDEwNywxMi44NSw0MS41Ny04LjA3LDc0LjUzLTM5LjUzLDkyLjc3QTIyLjIsMjIuMiwwLDAsMCwyMTUuNTMsMjI5LjM5Wm0tMzAuMjIsNzUuODdjLTguMzQtMjEuMTItMTguMzgtNDEuNTctMjcuMTItNjIuNTMtNy4zMS0xNy41My0xNC43LTM1LjA5LTIwLjQ5LTUzLjE0LTcuNTUtMjMuNjEtMTEuNDYtNDgtMTQuNS03Mi43NEMxMTcuMTksNjcuOTMsMTI5LjQ5LDkuNzYsMTM2LDBjLTQuODIsMi4zNi04LjY4LDQuMi0xMi40OSw2LjEyQzg5LjksMjMsNzIuMTcsNTEuNjIsNjQsODcuMTRjLTIuMTgsOS40OC0zLjc0LDE5LjEtNS43LDI5LjIzLTcuMTItMi0xNy42Mi0xMS42MS0xNy44My0xMS4xNCw0LjI4LDYuNTYsOC41OCwxMy4xMiwxMy4yNiwyMC4zMS03LDUuNTktMTMuNzgsMTEuMTMtMjAuNzEsMTYuNTItOC4xLDYuMjktMTYuNjEsMTIuMTEtMjQuNDEsMTguNzctNS40LDQuNi01LjU3LDguMjktMS40NywxNC4yLDIuNjgsMy44Niw2LjE3LDcuMTgsOS40NiwxMC41NiwyLDIsMS40NCwyLjc0LS4wOSw1LjkxLTIuMzUsNC44OC00LjYsNS44NS03LjY1LDkuODQtMS44MiwyLjM3LTUsNS4yOC03LDguMTIsNC4yMiw3LjgsMTAuODUsOS4zNSwxMy4zNiwxMS4xOUM5LjY1LDIyMyw1LjksMjI2LDEuMjIsMjMxLjU0YzIuNDIsMy4xMSw0LjYyLDUuODcsNi43OCw4LjY3LDQuNzQsNi4xNCw0LjY5LDYuMTEtLjQxLDExLjgyYTU5LjMzLDU5LjMzLDAsMCwwLTQuMzMsNS43M2MtNC4xOSw2LjA3LTQuMjksMTIuNDgtLjYxLDE4LjY1LDguODQsMTQuODEsMjIsMjEuNDksMzkuMjgsMjMsMjQuMTYsMiwzNC4xNiwzLjA2LDUxLjEyLDUuNTIsOCwxLjE3LDE1LjczLDExLjA2LDE4LjQ4LDE5LjE1LDEwLjQ0LDMwLjcsMTEuNTYsNjMuMzYsNi4xMyw3OC40OS00LjQsMTIuMjktMTAuNTQsMjQuMDgtMTcsMzUuNDctMTUuMjcsMjYuODctMzUuNDcsNDkuNzgtNTguNTMsNzAuMjQtMS41MSwxLjMyLTUuMTksNC4wOC02Ljg5LDUuNzYtLjEzLjEzLS4yNi4yNC0uMzcuMzYuMzksMCw3MC43OS0yMC44NywxMTIuNTYtNDcsMzAuMTMtMTguODMsNDUuMzctNDguNCw0OS4xMi04My4zN0MxOTkuNDMsMzU3LDE5NS4yNiwzMzAuNDgsMTg1LjMxLDMwNS4yNloiLz48cGF0aCBjbGFzcz0iY2xzLTEiIGQ9Ik0zOTQsMjY1LjczQzM5NCw0MTIuNiwyNzQuODgsNTMzLjU1LDEyOCw1MzEuNjVhMjcwLjU2LDI3MC41NiwwLDAsMS02MS45My04YzQwLjc2LTQuNzgsNzcuNTQtMTUuOTQsMTA3LjE2LTMyLjYsMzAuNDgtMTcuMTQsNTIuNjgtMzkuODksNjIuNTMtNjQsMTIuODgtMzEuNjEsMTcuNS02Ni43OSwxMy43MS0xMDQuNTNhMjc0Ljc0LDI3NC43NCwwLDAsMC0yOC4xOC05Ni4wNSwxNS42OSwxNS42OSwwLDAsMSw1Ljk0LTIwLjczYzE3LjcyLTEwLjI3LDMxLjItMjQuMjUsMzktNDAuNDQsOC43Ni0xOC4yMiwxMC0zOC45MiwzLjUtNTkuODZsLS44Ni0yLjc4LTIuNjYtMS4yMUMyMjguNTUsODQuMzEsMTY5LjExLDMxLjQxLDE1Mi41OCwxLDI4Ny45MywxMy4zMywzOTQsMTI3LjE0LDM5NCwyNjUuNzNaIi8+PC9nPjwvZz48L3N2Zz4=[\/vc_raw_html][vc_column_text]<\/p>\n<h2><em>TOUT COMMENCE ICI!<\/em> IL N\u2019EXISTE AUCUNE RAISON POUR LAQUELLE VOUS DEVRIEZ \u00caTRE INSATISFAIT(E) DE VOTRE APPARENCE PHYSIQUE.<\/h2>\n<p>Ne perdez pas de temps \u00e0 simplement souhaiter que votre apparence physique vous satisfasse davantage. Rendez ces d\u00e9sirs r\u00e9alit\u00e9 en prenant les premiers pas vers une version de vous optimis\u00e9e.<\/p>\n<p>R\u00e9servez une consultation maintenant avec le Dr Daniel Durand.[\/vc_column_text]<a href=\"https:\/\/www.danieldurand.ca\/fr\/reservez-une-consultation\/\" class=\" telesto\" target=\"_self\"><span><span>R\u00c9SERVEZ UNE CONSULTATION<\/span<\/span><\/span><\/a>[\/vc_column][\/vc_row]<\/p>\n","protected":false},"excerpt":{"rendered":"<p>[vc_row css_animation=\u00a0\u00bb\u00a0\u00bb row_type=\u00a0\u00bbrow\u00a0\u00bb use_row_as_full_screen_section=\u00a0\u00bbno\u00a0\u00bb type=\u00a0\u00bbgrid\u00a0\u00bb angled_section=\u00a0\u00bbno\u00a0\u00bb text_align=\u00a0\u00bbleft\u00a0\u00bb background_image_as_pattern=\u00a0\u00bbwithout_pattern\u00a0\u00bb z_index=\u00a0\u00bb\u00a0\u00bb el_class=\u00a0\u00bbflex-center reverse-column-sm\u00a0\u00bb][vc_column width=\u00a0\u00bb1\/2&Prime; el_class=\u00a0\u00bbpr-60&Prime;][vc_column_text] La pratique priv\u00e9e de Dr Durand Clinique de chirurgie plastique de pointe \u00c0 notre clinique, nous comprenons que votre qualit\u00e9 de vie peut \u00eatre affect\u00e9e par des pr\u00e9occupations li\u00e9es \u00e0 l\u2019esth\u00e9tique\u00a0: vous&#8230;<\/p>\n","protected":false},"author":1,"featured_media":2423,"parent":0,"menu_order":0,"comment_status":"closed","ping_status":"closed","template":"full_width.php","meta":{"footnotes":""},"class_list":["post-2520","page","type-page","status-publish","has-post-thumbnail","hentry"],"yoast_head":"<!-- This site is optimized with the Yoast SEO plugin v16.9 - https:\/\/yoast.com\/wordpress\/plugins\/seo\/ -->\n<title>Notre clinique - Montreal Board Certified Plastic Surgeon Dr Daniel Durand<\/title>\n<meta name=\"robots\" content=\"index, follow, max-snippet:-1, max-image-preview:large, max-video-preview:-1\" \/>\n<link rel=\"canonical\" href=\"https:\/\/www.danieldurand.ca\/our-clinic\/\" \/>\n<meta property=\"og:locale\" content=\"fr_FR\" \/>\n<meta property=\"og:type\" content=\"article\" \/>\n<meta property=\"og:title\" content=\"Notre clinique - Montreal Board Certified Plastic Surgeon Dr Daniel Durand\" \/>\n<meta property=\"og:description\" content=\"[vc_row css_animation=\u00a0\u00bb\u00a0\u00bb row_type=\u00a0\u00bbrow\u00a0\u00bb use_row_as_full_screen_section=\u00a0\u00bbno\u00a0\u00bb type=\u00a0\u00bbgrid\u00a0\u00bb angled_section=\u00a0\u00bbno\u00a0\u00bb text_align=\u00a0\u00bbleft\u00a0\u00bb background_image_as_pattern=\u00a0\u00bbwithout_pattern\u00a0\u00bb z_index=\u00a0\u00bb\u00a0\u00bb el_class=\u00a0\u00bbflex-center reverse-column-sm\u00a0\u00bb][vc_column width=\u00a0\u00bb1\/2&Prime; el_class=\u00a0\u00bbpr-60&Prime;][vc_column_text] La pratique priv\u00e9e de Dr Durand Clinique de chirurgie plastique de pointe \u00c0 notre clinique, nous comprenons que votre qualit\u00e9 de vie peut \u00eatre affect\u00e9e par des pr\u00e9occupations li\u00e9es \u00e0 l\u2019esth\u00e9tique\u00a0: vous...\" \/>\n<meta property=\"og:url\" content=\"https:\/\/www.danieldurand.ca\/our-clinic\/\" \/>\n<meta property=\"og:site_name\" content=\"Montreal Board Certified Plastic Surgeon Dr Daniel Durand\" \/>\n<meta property=\"article:modified_time\" content=\"2022-03-01T20:22:59+00:00\" \/>\n<meta property=\"og:image\" content=\"https:\/\/www.danieldurand.ca\/wp-content\/uploads\/2021\/07\/hero-blog-new.jpg\" \/>\n\t<meta property=\"og:image:width\" content=\"1920\" \/>\n\t<meta property=\"og:image:height\" content=\"887\" \/>\n<meta name=\"twitter:card\" content=\"summary_large_image\" \/>\n<meta name=\"twitter:label1\" content=\"Dur\u00e9e de lecture est.\" \/>\n\t<meta name=\"twitter:data1\" content=\"5 minutes\" \/>\n<script type=\"application\/ld+json\" class=\"yoast-schema-graph\">{\"@context\":\"https:\/\/schema.org\",\"@graph\":[{\"@type\":\"WebSite\",\"@id\":\"https:\/\/www.danieldurand.ca\/#website\",\"url\":\"https:\/\/www.danieldurand.ca\/\",\"name\":\"Montreal Board Certified Plastic Surgeon Dr Daniel Durand\",\"description\":\"Cosmetic, Esthetic and Plastic Surgery clinic in Montreal, Laval and Ch\\u00e2teauguay. Surgeries : Breast Augmentation w saline or silicone implants, Breast Lift etc.\",\"potentialAction\":[{\"@type\":\"SearchAction\",\"target\":{\"@type\":\"EntryPoint\",\"urlTemplate\":\"https:\/\/www.danieldurand.ca\/?s={search_term_string}\"},\"query-input\":\"required name=search_term_string\"}],\"inLanguage\":\"fr-FR\"},{\"@type\":\"ImageObject\",\"@id\":\"https:\/\/www.danieldurand.ca\/our-clinic\/#primaryimage\",\"inLanguage\":\"fr-FR\",\"url\":\"https:\/\/www.danieldurand.ca\/wp-content\/uploads\/2021\/07\/hero-blog-new.jpg\",\"contentUrl\":\"https:\/\/www.danieldurand.ca\/wp-content\/uploads\/2021\/07\/hero-blog-new.jpg\",\"width\":1920,\"height\":887},{\"@type\":\"WebPage\",\"@id\":\"https:\/\/www.danieldurand.ca\/our-clinic\/#webpage\",\"url\":\"https:\/\/www.danieldurand.ca\/our-clinic\/\",\"name\":\"Notre clinique - Montreal Board Certified Plastic Surgeon Dr Daniel Durand\",\"isPartOf\":{\"@id\":\"https:\/\/www.danieldurand.ca\/#website\"},\"primaryImageOfPage\":{\"@id\":\"https:\/\/www.danieldurand.ca\/our-clinic\/#primaryimage\"},\"datePublished\":\"2021-07-14T20:07:26+00:00\",\"dateModified\":\"2022-03-01T20:22:59+00:00\",\"breadcrumb\":{\"@id\":\"https:\/\/www.danieldurand.ca\/our-clinic\/#breadcrumb\"},\"inLanguage\":\"fr-FR\",\"potentialAction\":[{\"@type\":\"ReadAction\",\"target\":[\"https:\/\/www.danieldurand.ca\/our-clinic\/\"]}]},{\"@type\":\"BreadcrumbList\",\"@id\":\"https:\/\/www.danieldurand.ca\/our-clinic\/#breadcrumb\",\"itemListElement\":[{\"@type\":\"ListItem\",\"position\":1,\"name\":\"Home\",\"item\":\"https:\/\/www.danieldurand.ca\/fr\/\"},{\"@type\":\"ListItem\",\"position\":2,\"name\":\"Notre clinique\"}]}]}<\/script>\n<!-- \/ Yoast SEO plugin. -->","yoast_head_json":{"title":"Notre clinique - Montreal Board Certified Plastic Surgeon Dr Daniel Durand","robots":{"index":"index","follow":"follow","max-snippet":"max-snippet:-1","max-image-preview":"max-image-preview:large","max-video-preview":"max-video-preview:-1"},"canonical":"https:\/\/www.danieldurand.ca\/our-clinic\/","og_locale":"fr_FR","og_type":"article","og_title":"Notre clinique - Montreal Board Certified Plastic Surgeon Dr Daniel Durand","og_description":"[vc_row css_animation=\u00a0\u00bb\u00a0\u00bb row_type=\u00a0\u00bbrow\u00a0\u00bb use_row_as_full_screen_section=\u00a0\u00bbno\u00a0\u00bb type=\u00a0\u00bbgrid\u00a0\u00bb angled_section=\u00a0\u00bbno\u00a0\u00bb text_align=\u00a0\u00bbleft\u00a0\u00bb background_image_as_pattern=\u00a0\u00bbwithout_pattern\u00a0\u00bb z_index=\u00a0\u00bb\u00a0\u00bb el_class=\u00a0\u00bbflex-center reverse-column-sm\u00a0\u00bb][vc_column width=\u00a0\u00bb1\/2&Prime; el_class=\u00a0\u00bbpr-60&Prime;][vc_column_text] La pratique priv\u00e9e de Dr Durand Clinique de chirurgie plastique de pointe \u00c0 notre clinique, nous comprenons que votre qualit\u00e9 de vie peut \u00eatre affect\u00e9e par des pr\u00e9occupations li\u00e9es \u00e0 l\u2019esth\u00e9tique\u00a0: vous...","og_url":"https:\/\/www.danieldurand.ca\/our-clinic\/","og_site_name":"Montreal Board Certified Plastic Surgeon Dr Daniel Durand","article_modified_time":"2022-03-01T20:22:59+00:00","og_image":[{"width":1920,"height":887,"url":"https:\/\/www.danieldurand.ca\/wp-content\/uploads\/2021\/07\/hero-blog-new.jpg","path":"\/home\/durand\/web\/danieldurand.ca\/public_html\/wp-content\/uploads\/2021\/07\/hero-blog-new.jpg","size":"full","id":2423,"alt":"","pixels":1703040,"type":"image\/jpeg"}],"twitter_card":"summary_large_image","twitter_misc":{"Dur\u00e9e de lecture est.":"5 minutes"},"schema":{"@context":"https:\/\/schema.org","@graph":[{"@type":"WebSite","@id":"https:\/\/www.danieldurand.ca\/#website","url":"https:\/\/www.danieldurand.ca\/","name":"Montreal Board Certified Plastic Surgeon Dr Daniel Durand","description":"Cosmetic, Esthetic and Plastic Surgery clinic in Montreal, Laval and Ch\u00e2teauguay. Surgeries : Breast Augmentation w saline or silicone implants, Breast Lift etc.","potentialAction":[{"@type":"SearchAction","target":{"@type":"EntryPoint","urlTemplate":"https:\/\/www.danieldurand.ca\/?s={search_term_string}"},"query-input":"required name=search_term_string"}],"inLanguage":"fr-FR"},{"@type":"ImageObject","@id":"https:\/\/www.danieldurand.ca\/our-clinic\/#primaryimage","inLanguage":"fr-FR","url":"https:\/\/www.danieldurand.ca\/wp-content\/uploads\/2021\/07\/hero-blog-new.jpg","contentUrl":"https:\/\/www.danieldurand.ca\/wp-content\/uploads\/2021\/07\/hero-blog-new.jpg","width":1920,"height":887},{"@type":"WebPage","@id":"https:\/\/www.danieldurand.ca\/our-clinic\/#webpage","url":"https:\/\/www.danieldurand.ca\/our-clinic\/","name":"Notre clinique - Montreal Board Certified Plastic Surgeon Dr Daniel Durand","isPartOf":{"@id":"https:\/\/www.danieldurand.ca\/#website"},"primaryImageOfPage":{"@id":"https:\/\/www.danieldurand.ca\/our-clinic\/#primaryimage"},"datePublished":"2021-07-14T20:07:26+00:00","dateModified":"2022-03-01T20:22:59+00:00","breadcrumb":{"@id":"https:\/\/www.danieldurand.ca\/our-clinic\/#breadcrumb"},"inLanguage":"fr-FR","potentialAction":[{"@type":"ReadAction","target":["https:\/\/www.danieldurand.ca\/our-clinic\/"]}]},{"@type":"BreadcrumbList","@id":"https:\/\/www.danieldurand.ca\/our-clinic\/#breadcrumb","itemListElement":[{"@type":"ListItem","position":1,"name":"Home","item":"https:\/\/www.danieldurand.ca\/fr\/"},{"@type":"ListItem","position":2,"name":"Notre clinique"}]}]}},"_links":{"self":[{"href":"https:\/\/www.danieldurand.ca\/fr\/wp-json\/wp\/v2\/pages\/2520","targetHints":{"allow":["GET"]}}],"collection":[{"href":"https:\/\/www.danieldurand.ca\/fr\/wp-json\/wp\/v2\/pages"}],"about":[{"href":"https:\/\/www.danieldurand.ca\/fr\/wp-json\/wp\/v2\/types\/page"}],"author":[{"embeddable":true,"href":"https:\/\/www.danieldurand.ca\/fr\/wp-json\/wp\/v2\/users\/1"}],"replies":[{"embeddable":true,"href":"https:\/\/www.danieldurand.ca\/fr\/wp-json\/wp\/v2\/comments?post=2520"}],"version-history":[{"count":3,"href":"https:\/\/www.danieldurand.ca\/fr\/wp-json\/wp\/v2\/pages\/2520\/revisions"}],"predecessor-version":[{"id":2523,"href":"https:\/\/www.danieldurand.ca\/fr\/wp-json\/wp\/v2\/pages\/2520\/revisions\/2523"}],"wp:featuredmedia":[{"embeddable":true,"href":"https:\/\/www.danieldurand.ca\/fr\/wp-json\/wp\/v2\/media\/2423"}],"wp:attachment":[{"href":"https:\/\/www.danieldurand.ca\/fr\/wp-json\/wp\/v2\/media?parent=2520"}],"curies":[{"name":"wp","href":"https:\/\/api.w.org\/{rel}","templated":true}]}}