{"id":2498,"date":"2021-05-24T18:56:33","date_gmt":"2021-05-24T18:56:33","guid":{"rendered":"https:\/\/www.danieldurand.ca\/reservez-une-consultation\/"},"modified":"2022-03-02T20:31:35","modified_gmt":"2022-03-02T20:31:35","slug":"reservez-une-consultation","status":"publish","type":"page","link":"https:\/\/www.danieldurand.ca\/fr\/reservez-une-consultation\/","title":{"rendered":"R\u00e9servez une consultation"},"content":{"rendered":"<p>[vc_row css_animation=\u00a0\u00bb\u00a0\u00bb row_type=\u00a0\u00bbrow\u00a0\u00bb use_row_as_full_screen_section=\u00a0\u00bbno\u00a0\u00bb type=\u00a0\u00bbgrid\u00a0\u00bb angled_section=\u00a0\u00bbno\u00a0\u00bb text_align=\u00a0\u00bbleft\u00a0\u00bb background_image_as_pattern=\u00a0\u00bbwithout_pattern\u00a0\u00bb z_index=\u00a0\u00bb\u00a0\u00bb el_id=\u00a0\u00bbcff\u00a0\u00bb][vc_column][vc_column_text]<\/p>\n<h2>D\u00e9butez votre aventure vers vos r\u00eaves par rapport \u00e0 votre allure<\/h2>\n<p>Remplissez le formulaire ci-dessous et nous vous appellerons pour c\u00e9duler une consultation en personne ou en virtuelle selon vos pr\u00e9f\u00e9rences. Nous serons tr\u00e8s heureux de vous r\u00e9server une rencontrer avec Dr Durand afin de discuter de vos inqui\u00e9tudes et de vos objectifs esth\u00e9tiques.[\/vc_column_text]<div role=\"form\" class=\"wpcf7\" id=\"wpcf7-f2500-o1\" lang=\"en-US\" dir=\"ltr\">\n<div class=\"screen-reader-response\" role=\"alert\" aria-live=\"polite\"><\/div>\n<form action=\"\/fr\/wp-json\/wp\/v2\/pages\/2498#wpcf7-f2500-o1\" method=\"post\" class=\"wpcf7-form init cf7_custom_style_1\" enctype=\"multipart\/form-data\" novalidate=\"novalidate\">\n<div style=\"display: none;\">\n<input type=\"hidden\" name=\"_wpcf7\" value=\"2500\" \/>\n<input type=\"hidden\" name=\"_wpcf7_version\" value=\"5.2\" \/>\n<input type=\"hidden\" name=\"_wpcf7_locale\" value=\"en_US\" \/>\n<input type=\"hidden\" name=\"_wpcf7_unit_tag\" value=\"wpcf7-f2500-o1\" \/>\n<input type=\"hidden\" name=\"_wpcf7_container_post\" value=\"0\" \/>\n<input type=\"hidden\" name=\"_wpcf7_posted_data_hash\" value=\"\" \/>\n<input type=\"hidden\" name=\"_wpcf7cf_hidden_group_fields\" value=\"\" \/>\n<input type=\"hidden\" name=\"_wpcf7cf_hidden_groups\" value=\"\" \/>\n<input type=\"hidden\" name=\"_wpcf7cf_visible_groups\" value=\"\" \/>\n<input type=\"hidden\" name=\"_wpcf7cf_repeaters\" value=\"[]\" \/>\n<input type=\"hidden\" name=\"_wpcf7cf_steps\" value=\"{}\" \/>\n<input type=\"hidden\" name=\"_wpcf7cf_options\" value=\"{&quot;form_id&quot;:2500,&quot;conditions&quot;:[{&quot;then_field&quot;:&quot;group-breast&quot;,&quot;and_rules&quot;:[{&quot;if_field&quot;:&quot;menu-procedures&quot;,&quot;operator&quot;:&quot;equals&quot;,&quot;if_value&quot;:&quot;Augmentation mammaire&quot;}]},{&quot;then_field&quot;:&quot;group-medicalproblems&quot;,&quot;and_rules&quot;:[{&quot;if_field&quot;:&quot;problems&quot;,&quot;operator&quot;:&quot;equals&quot;,&quot;if_value&quot;:&quot;Oui&quot;}]},{&quot;then_field&quot;:&quot;group-breast&quot;,&quot;and_rules&quot;:[{&quot;if_field&quot;:&quot;menu-procedures&quot;,&quot;operator&quot;:&quot;equals&quot;,&quot;if_value&quot;:&quot;Redrapage mammaire&quot;}]},{&quot;then_field&quot;:&quot;group-breast&quot;,&quot;and_rules&quot;:[{&quot;if_field&quot;:&quot;menu-procedures&quot;,&quot;operator&quot;:&quot;equals&quot;,&quot;if_value&quot;:&quot;R\\u00e9duction mammaire&quot;}]},{&quot;then_field&quot;:&quot;group-medications&quot;,&quot;and_rules&quot;:[{&quot;if_field&quot;:&quot;medications&quot;,&quot;operator&quot;:&quot;equals&quot;,&quot;if_value&quot;:&quot;Oui&quot;}]},{&quot;then_field&quot;:&quot;group-smoke&quot;,&quot;and_rules&quot;:[{&quot;if_field&quot;:&quot;smoke&quot;,&quot;operator&quot;:&quot;equals&quot;,&quot;if_value&quot;:&quot;Oui&quot;}]},{&quot;then_field&quot;:&quot;group-children&quot;,&quot;and_rules&quot;:[{&quot;if_field&quot;:&quot;children&quot;,&quot;operator&quot;:&quot;equals&quot;,&quot;if_value&quot;:&quot;Oui&quot;}]},{&quot;then_field&quot;:&quot;group-surgeries&quot;,&quot;and_rules&quot;:[{&quot;if_field&quot;:&quot;surgeries&quot;,&quot;operator&quot;:&quot;equals&quot;,&quot;if_value&quot;:&quot;Oui&quot;}]},{&quot;then_field&quot;:&quot;group-feed&quot;,&quot;and_rules&quot;:[{&quot;if_field&quot;:&quot;breast_feed&quot;,&quot;operator&quot;:&quot;equals&quot;,&quot;if_value&quot;:&quot;Oui&quot;}]},{&quot;then_field&quot;:&quot;group-breast_problems&quot;,&quot;and_rules&quot;:[{&quot;if_field&quot;:&quot;breast_problems&quot;,&quot;operator&quot;:&quot;equals&quot;,&quot;if_value&quot;:&quot;Oui&quot;}]}],&quot;settings&quot;:{&quot;animation&quot;:&quot;yes&quot;,&quot;animation_intime&quot;:&quot;200&quot;,&quot;animation_outtime&quot;:&quot;200&quot;,&quot;conditions_ui&quot;:&quot;normal&quot;,&quot;notice_dismissed&quot;:&quot;&quot;}}\" \/>\n<input type=\"hidden\" name=\"_wpcf7_recaptcha_response\" value=\"\" \/>\n<\/div>\n<div class=\"appointment\"><label>Nom :\n\t<span class=\"wpcf7-form-control-wrap your-name\"><input type=\"text\" name=\"your-name\" value=\"\" size=\"40\" class=\"wpcf7-form-control wpcf7-text wpcf7-validates-as-required\" aria-required=\"true\" aria-invalid=\"false\" \/><\/span><\/label>\n\t<label>Courriel :\n\t <span class=\"wpcf7-form-control-wrap your-email\"><input type=\"email\" name=\"your-email\" value=\"\" size=\"40\" class=\"wpcf7-form-control wpcf7-text wpcf7-email wpcf7-validates-as-required wpcf7-validates-as-email\" aria-required=\"true\" aria-invalid=\"false\" \/><\/span><\/label>\n\t<label>T\u00e9l\u00e9phone :\n\t<span class=\"wpcf7-form-control-wrap tel-phone\"><input type=\"tel\" name=\"tel-phone\" value=\"\" size=\"40\" class=\"wpcf7-form-control wpcf7-text wpcf7-tel wpcf7-validates-as-required wpcf7-validates-as-tel\" aria-required=\"true\" aria-invalid=\"false\" \/><\/span><\/label>\n\t<label>Date de naissance \/ \u00c2ge\u00a0:\n\t<span class=\"wpcf7-form-control-wrap age\"><input type=\"text\" name=\"age\" value=\"\" size=\"40\" class=\"wpcf7-form-control wpcf7-text wpcf7-validates-as-required\" aria-required=\"true\" aria-invalid=\"false\" \/><\/span><\/label>\n\t<label>Taille :\n\t<span class=\"wpcf7-form-control-wrap height\"><input type=\"text\" name=\"height\" value=\"\" size=\"40\" class=\"wpcf7-form-control wpcf7-text wpcf7-validates-as-required\" aria-required=\"true\" aria-invalid=\"false\" \/><\/span><\/label>\n\t<label>Poids :\n\t<span class=\"wpcf7-form-control-wrap weight\"><input type=\"text\" name=\"weight\" value=\"\" size=\"40\" class=\"wpcf7-form-control wpcf7-text wpcf7-validates-as-required\" aria-required=\"true\" aria-invalid=\"false\" \/><\/span><\/label>\n\t<label class=\"arrow full\">Quelle proc\u00e9dure vous int\u00e9resse ?\n\t\t<span class=\"wpcf7-form-control-wrap menu-procedures\"><select name=\"menu-procedures\" class=\"wpcf7-form-control wpcf7-select\" aria-invalid=\"false\"><option value=\"\">Proc\u00e9dures<\/option><option value=\"optgroup-Seins\">optgroup-Seins<\/option><option value=\"Augmentation mammaire\">Augmentation mammaire<\/option><option value=\"Redrapage mammaire\">Redrapage mammaire<\/option><option value=\"R\u00e9duction mammaire\">R\u00e9duction mammaire<\/option><option value=\"endoptgroup\">endoptgroup<\/option><option value=\"optgroup-Corps\">optgroup-Corps<\/option><option value=\"Liposuccion\">Liposuccion<\/option><option value=\"Brachioplastie\">Brachioplastie<\/option><option value=\"Abdominoplastie\">Abdominoplastie<\/option><option value=\"endoptgroup\">endoptgroup<\/option><option value=\"optgroup-Visage\">optgroup-Visage<\/option><option value=\"Lifting au visage et au cou\">Lifting au visage et au cou<\/option><option value=\"Rhinoplastie\">Rhinoplastie<\/option><option value=\"Bl\u00e9pharoplastie\">Bl\u00e9pharoplastie<\/option><option value=\"Otoplastie\">Otoplastie<\/option><option value=\"Remplisseurs dermiques\">Remplisseurs dermiques<\/option><option value=\"Neuromodulateurs\">Neuromodulateurs<\/option><option value=\"endoptgroup\">endoptgroup<\/option><option value=\"optgroup-Autre\">optgroup-Autre<\/option><option value=\"Autre\">Autre<\/option><option value=\"endoptgroup\">endoptgroup<\/option><\/select><\/span><\/label>\n\t<div class=\"full\">\n\t<div data-id=\"group-breast\" data-orig_data_id=\"group-breast\"  data-class=\"wpcf7cf_group\">\n\t<h3>S\u2019il-vous-pla\u00eet, veuillez r\u00e9pondre \u00e0 ces questions si vous envisagez de subir tout type de chirurgie mammaire.<\/h3>\n\t<label>Avez-vous allait\u00e9 ? <span class=\"wpcf7-form-control-wrap breast_feed\"><span class=\"wpcf7-form-control wpcf7-radio\"><span class=\"wpcf7-list-item first\"><label><input type=\"radio\" name=\"breast_feed\" value=\"Oui\" \/><span class=\"wpcf7-list-item-label\">Oui<\/span><\/label><\/span><span class=\"wpcf7-list-item last\"><label><input type=\"radio\" name=\"breast_feed\" value=\"Non\" \/><span class=\"wpcf7-list-item-label\">Non<\/span><\/label><\/span><\/span><\/span><\/label>\n\t<div data-id=\"group-feed\" data-orig_data_id=\"group-feed\"  data-class=\"wpcf7cf_group\"><label><span class=\"wpcf7-form-control-wrap breast_feed_text\"><input type=\"text\" name=\"breast_feed_text\" value=\"\" size=\"40\" class=\"wpcf7-form-control wpcf7-text\" aria-invalid=\"false\" placeholder=\"Si oui, pendant combien de temps environ ?\" \/><\/span><\/label><\/div>\n\t<label>Avez-vous d\u00e9j\u00e0 eu des probl\u00e8mes avec vos seins (tels que des kystes, des bosses, des pertes anormales, des changements cutan\u00e9s, etc.)\u00a0? <span class=\"wpcf7-form-control-wrap breast_problems\"><span class=\"wpcf7-form-control wpcf7-radio\"><span class=\"wpcf7-list-item first\"><label><input type=\"radio\" name=\"breast_problems\" value=\"Oui\" \/><span class=\"wpcf7-list-item-label\">Oui<\/span><\/label><\/span><span class=\"wpcf7-list-item last\"><label><input type=\"radio\" name=\"breast_problems\" value=\"Non\" \/><span class=\"wpcf7-list-item-label\">Non<\/span><\/label><\/span><\/span><\/span><\/label>\n\t<div data-id=\"group-breast_problems\" data-orig_data_id=\"group-breast_problems\"  data-class=\"wpcf7cf_group\"><label><span class=\"wpcf7-form-control-wrap breast_problems_text\"><input type=\"text\" name=\"breast_problems_text\" value=\"\" size=\"40\" class=\"wpcf7-form-control wpcf7-text\" aria-invalid=\"false\" placeholder=\"Si oui, veuillez \u00e9num\u00e9rer.\" \/><\/span><\/label><\/div>\n\t<label>La derni\u00e8re mammographie que j'ai eue \u00e9tait : <span class=\"wpcf7-form-control-wrap mammogram\"><span class=\"wpcf7-form-control wpcf7-radio\"><span class=\"wpcf7-list-item first\"><label><input type=\"radio\" name=\"mammogram\" value=\"Jamais eu\" \/><span class=\"wpcf7-list-item-label\">Jamais eu<\/span><\/label><\/span><span class=\"wpcf7-list-item\"><label><input type=\"radio\" name=\"mammogram\" value=\"Il y a moins d&#039;un an\" \/><span class=\"wpcf7-list-item-label\">Il y a moins d&#039;un an<\/span><\/label><\/span><span class=\"wpcf7-list-item last\"><label><input type=\"radio\" name=\"mammogram\" value=\"Il y a plus d&#039;un an\" \/><span class=\"wpcf7-list-item-label\">Il y a plus d&#039;un an<\/span><\/label><\/span><\/span><\/span><\/label>\n\t<label>Quelle taille de soutien-gorge portez-vous actuellement ?\n\t<span class=\"wpcf7-form-control-wrap bra_size\"><input type=\"text\" name=\"bra_size\" value=\"\" size=\"40\" class=\"wpcf7-form-control wpcf7-text\" aria-invalid=\"false\" \/><\/span><\/label>\n\t<label>Pr\u00e9voyez-vous avoir des enfants dans le futur ?\n\t<span class=\"wpcf7-form-control-wrap children\"><span class=\"wpcf7-form-control wpcf7-radio\"><span class=\"wpcf7-list-item first\"><label><input type=\"radio\" name=\"children\" value=\"Oui\" \/><span class=\"wpcf7-list-item-label\">Oui<\/span><\/label><\/span><span class=\"wpcf7-list-item last\"><label><input type=\"radio\" name=\"children\" value=\"Non\" \/><span class=\"wpcf7-list-item-label\">Non<\/span><\/label><\/span><\/span><\/span><\/label>\n\t<div data-id=\"group-children\" data-orig_data_id=\"group-children\"  data-class=\"wpcf7cf_group\"><label><span class=\"wpcf7-form-control-wrap children_text\"><input type=\"text\" name=\"children_text\" value=\"\" size=\"40\" class=\"wpcf7-form-control wpcf7-text\" aria-invalid=\"false\" placeholder=\"Si oui quand ?\" \/><\/span><\/label><\/div>\n\t<label>Avez-vous des proches qui ont d\u00e9j\u00e0 eu le cancer du sein\u00a0?\n\t<span class=\"wpcf7-form-control-wrap breast_cancer\"><span class=\"wpcf7-form-control wpcf7-radio\"><span class=\"wpcf7-list-item first\"><label><input type=\"radio\" name=\"breast_cancer\" value=\"Oui\" \/><span class=\"wpcf7-list-item-label\">Oui<\/span><\/label><\/span><span class=\"wpcf7-list-item last\"><label><input type=\"radio\" name=\"breast_cancer\" value=\"Non\" \/><span class=\"wpcf7-list-item-label\">Non<\/span><\/label><\/span><\/span><\/span><\/label>\n\t<label>Quel type d'implants vous int\u00e9resse ?\n\t<span class=\"wpcf7-form-control-wrap implants_type\"><span class=\"wpcf7-form-control wpcf7-radio\"><span class=\"wpcf7-list-item first\"><label><input type=\"radio\" name=\"implants_type\" value=\"Saline\" \/><span class=\"wpcf7-list-item-label\">Saline<\/span><\/label><\/span><span class=\"wpcf7-list-item\"><label><input type=\"radio\" name=\"implants_type\" value=\"Silicone\" \/><span class=\"wpcf7-list-item-label\">Silicone<\/span><\/label><\/span><span class=\"wpcf7-list-item last\"><label><input type=\"radio\" name=\"implants_type\" value=\"Pas certain(e)\" \/><span class=\"wpcf7-list-item-label\">Pas certain(e)<\/span><\/label><\/span><\/span><\/span><\/label>\n\t<label>Quelle taille de bonnet voulez-vous avoir apr\u00e8s la chirurgie (approximativement)\u00a0?\n\t<span class=\"wpcf7-form-control-wrap cup_size\"><input type=\"text\" name=\"cup_size\" value=\"\" size=\"40\" class=\"wpcf7-form-control wpcf7-text\" aria-invalid=\"false\" \/><\/span><\/label><\/div>\n\t<label>T\u00e9l\u00e9chargez vos photos\u00a0:\n\t<span class=\"wpcf7-form-control-wrap file-pictures\"><input type=\"file\" name=\"file-pictures\" size=\"40\" class=\"wpcf7-form-control wpcf7-file\" accept=\".jpg,.jpeg\" aria-invalid=\"false\" \/><\/span><\/label>\n\t<input type=\"submit\" value=\"Submit\" class=\"wpcf7-form-control wpcf7-submit\" \/>\n\t<\/div><\/div><input type='hidden' class='wpcf7-pum' value='{\"closepopup\":false,\"closedelay\":0,\"openpopup\":false,\"openpopup_id\":0}' \/><div class=\"wpcf7-response-output\" role=\"alert\" aria-hidden=\"true\"><\/div><\/form><\/div>[vc_raw_js]JTNDc2NyaXB0JTNFJTBBalF1ZXJ5JTI4ZG9jdW1lbnQlMjkucmVhZHklMjhmdW5jdGlvbiUyOCUyOSU3QiUwQSUyMCUyMHZhciUyMGZvdW5kaW4lMjAlM0QlMjBqUXVlcnklMjglMjcuY2Y3X2N1c3RvbV9zdHlsZV8xJTIwc2VsZWN0JTIwb3B0aW9uJTNBY29udGFpbnMlMjglMjJvcHRncm91cC0lMjIlMjklMjclMjklM0IlMEElMjAlMjBqUXVlcnkuZWFjaCUyOGZvdW5kaW4lMkMlMjBmdW5jdGlvbiUyOHZhbHVlJTI5JTdCJTBBJTIwJTIwJTIwJTIwdmFyJTIwdXBkYXRlZCUyMCUzRCUyMGpRdWVyeSUyOHRoaXMlMjkudmFsJTI4JTI5LnJlcGxhY2UlMjglMjdvcHRncm91cC0lMjclMkMlMjclMjclMjklM0IlMEElMjAlMjAlMjAlMjBqUXVlcnklMjh0aGlzJTI5Lm5leHRVbnRpbCUyOCUyN29wdGlvbiUzQWNvbnRhaW5zJTI4JTIyZW5kb3B0Z3JvdXAlMjIlMjklMjclMjkud3JhcEFsbCUyOCUyNyUzQ29wdGdyb3VwJTIwbGFiZWwlM0QlMjIlMjclMkJ1cGRhdGVkJTJCJTI3JTIyJTNFJTNDJTJGb3B0Z3JvdXAlM0UlMjclMjklM0IlMEElMjAlMjAlN0QlMjklM0IlMEElMjAlMjBqUXVlcnklMjglMjcuY2Y3X2N1c3RvbV9zdHlsZV8xJTIwc2VsZWN0JTIwb3B0aW9uJTNBY29udGFpbnMlMjglMjJvcHRncm91cC0lMjIlMjklMjclMjkucmVtb3ZlJTI4JTI5JTNCJTBBJTIwJTIwalF1ZXJ5JTI4JTI3LmNmN19jdXN0b21fc3R5bGVfMSUyMG9wdGlvbiUzQWNvbnRhaW5zJTI4JTIyZW5kb3B0Z3JvdXAlMjIlMjklMjclMjkucmVtb3ZlJTI4JTI5JTNCJTBBJTdEJTI5JTNCJTBBJTNDJTJGc2NyaXB0JTNF[\/vc_raw_js][\/vc_column][\/vc_row]<\/p>\n","protected":false},"excerpt":{"rendered":"<p>[vc_row css_animation=\u00a0\u00bb\u00a0\u00bb row_type=\u00a0\u00bbrow\u00a0\u00bb use_row_as_full_screen_section=\u00a0\u00bbno\u00a0\u00bb type=\u00a0\u00bbgrid\u00a0\u00bb angled_section=\u00a0\u00bbno\u00a0\u00bb text_align=\u00a0\u00bbleft\u00a0\u00bb background_image_as_pattern=\u00a0\u00bbwithout_pattern\u00a0\u00bb z_index=\u00a0\u00bb\u00a0\u00bb el_id=\u00a0\u00bbcff\u00a0\u00bb][vc_column][vc_column_text] D\u00e9butez votre aventure vers vos r\u00eaves par rapport \u00e0 votre allure Remplissez le formulaire ci-dessous et nous vous appellerons pour c\u00e9duler une consultation en personne ou en virtuelle selon vos pr\u00e9f\u00e9rences. Nous serons tr\u00e8s heureux&#8230;<\/p>\n","protected":false},"author":1,"featured_media":0,"parent":0,"menu_order":0,"comment_status":"closed","ping_status":"closed","template":"full_width.php","meta":{"footnotes":""},"class_list":["post-2498","page","type-page","status-publish","hentry"],"yoast_head":"<!-- This site is optimized with the Yoast SEO plugin v16.9 - https:\/\/yoast.com\/wordpress\/plugins\/seo\/ -->\n<title>Book your consultation with private plastic surgeon in montreal<\/title>\n<meta name=\"description\" content=\"Montreal Breast Augmentation, Lift, Abdominoplasty, Tummy Tuck, Mommy Makeover, Liposuction. Reveal your true beauty with board certified plastic surgeon.\" \/>\n<meta name=\"robots\" content=\"index, follow, max-snippet:-1, max-image-preview:large, max-video-preview:-1\" \/>\n<link rel=\"canonical\" href=\"https:\/\/www.danieldurand.ca\/fr\/reservez-une-consultation\/\" \/>\n<meta property=\"og:locale\" content=\"fr_FR\" \/>\n<meta property=\"og:type\" content=\"article\" \/>\n<meta property=\"og:title\" content=\"Book your consultation with private plastic surgeon in montreal\" \/>\n<meta property=\"og:description\" content=\"Montreal Breast Augmentation, Lift, Abdominoplasty, Tummy Tuck, Mommy Makeover, Liposuction. Reveal your true beauty with board certified plastic surgeon.\" \/>\n<meta property=\"og:url\" content=\"https:\/\/www.danieldurand.ca\/fr\/reservez-une-consultation\/\" \/>\n<meta property=\"og:site_name\" content=\"Montreal Board Certified Plastic Surgeon Dr Daniel Durand\" \/>\n<meta property=\"article:modified_time\" content=\"2022-03-02T20:31:35+00:00\" \/>\n<meta property=\"og:image\" content=\"https:\/\/www.danieldurand.ca\/wp-content\/uploads\/2021\/08\/ddface.jpg\" \/>\n\t<meta property=\"og:image:width\" content=\"1200\" \/>\n\t<meta property=\"og:image:height\" content=\"628\" \/>\n<meta name=\"twitter:card\" content=\"summary_large_image\" \/>\n<meta name=\"twitter:label1\" content=\"Dur\u00e9e de lecture est.\" \/>\n\t<meta name=\"twitter:data1\" content=\"1 minute\" \/>\n<script type=\"application\/ld+json\" class=\"yoast-schema-graph\">{\"@context\":\"https:\/\/schema.org\",\"@graph\":[{\"@type\":\"WebSite\",\"@id\":\"https:\/\/www.danieldurand.ca\/#website\",\"url\":\"https:\/\/www.danieldurand.ca\/\",\"name\":\"Montreal Board Certified Plastic Surgeon Dr Daniel Durand\",\"description\":\"Cosmetic, Esthetic and Plastic Surgery clinic in Montreal, Laval and Ch\\u00e2teauguay. Surgeries : Breast Augmentation w saline or silicone implants, Breast Lift etc.\",\"potentialAction\":[{\"@type\":\"SearchAction\",\"target\":{\"@type\":\"EntryPoint\",\"urlTemplate\":\"https:\/\/www.danieldurand.ca\/?s={search_term_string}\"},\"query-input\":\"required name=search_term_string\"}],\"inLanguage\":\"fr-FR\"},{\"@type\":\"WebPage\",\"@id\":\"https:\/\/www.danieldurand.ca\/fr\/reservez-une-consultation\/#webpage\",\"url\":\"https:\/\/www.danieldurand.ca\/fr\/reservez-une-consultation\/\",\"name\":\"Book your consultation with private plastic surgeon in montreal\",\"isPartOf\":{\"@id\":\"https:\/\/www.danieldurand.ca\/#website\"},\"datePublished\":\"2021-05-24T18:56:33+00:00\",\"dateModified\":\"2022-03-02T20:31:35+00:00\",\"description\":\"Montreal Breast Augmentation, Lift, Abdominoplasty, Tummy Tuck, Mommy Makeover, Liposuction. Reveal your true beauty with board certified plastic surgeon.\",\"breadcrumb\":{\"@id\":\"https:\/\/www.danieldurand.ca\/fr\/reservez-une-consultation\/#breadcrumb\"},\"inLanguage\":\"fr-FR\",\"potentialAction\":[{\"@type\":\"ReadAction\",\"target\":[\"https:\/\/www.danieldurand.ca\/fr\/reservez-une-consultation\/\"]}]},{\"@type\":\"BreadcrumbList\",\"@id\":\"https:\/\/www.danieldurand.ca\/fr\/reservez-une-consultation\/#breadcrumb\",\"itemListElement\":[{\"@type\":\"ListItem\",\"position\":1,\"name\":\"Home\",\"item\":\"https:\/\/www.danieldurand.ca\/fr\/\"},{\"@type\":\"ListItem\",\"position\":2,\"name\":\"R\\u00e9servez une consultation\"}]}]}<\/script>\n<!-- \/ Yoast SEO plugin. -->","yoast_head_json":{"title":"Book your consultation with private plastic surgeon in montreal","description":"Montreal Breast Augmentation, Lift, Abdominoplasty, Tummy Tuck, Mommy Makeover, Liposuction. Reveal your true beauty with board certified plastic surgeon.","robots":{"index":"index","follow":"follow","max-snippet":"max-snippet:-1","max-image-preview":"max-image-preview:large","max-video-preview":"max-video-preview:-1"},"canonical":"https:\/\/www.danieldurand.ca\/fr\/reservez-une-consultation\/","og_locale":"fr_FR","og_type":"article","og_title":"Book your consultation with private plastic surgeon in montreal","og_description":"Montreal Breast Augmentation, Lift, Abdominoplasty, Tummy Tuck, Mommy Makeover, Liposuction. Reveal your true beauty with board certified plastic surgeon.","og_url":"https:\/\/www.danieldurand.ca\/fr\/reservez-une-consultation\/","og_site_name":"Montreal Board Certified Plastic Surgeon Dr Daniel Durand","article_modified_time":"2022-03-02T20:31:35+00:00","og_image":[{"width":1200,"height":628,"filesize":67595,"url":"https:\/\/www.danieldurand.ca\/wp-content\/uploads\/2021\/08\/ddface.jpg","path":"\/home\/durand\/web\/danieldurand.ca\/public_html\/wp-content\/uploads\/2021\/08\/ddface.jpg","size":"full","id":2012,"alt":"","pixels":753600,"type":"image\/jpeg"}],"twitter_card":"summary_large_image","twitter_misc":{"Dur\u00e9e de lecture est.":"1 minute"},"schema":{"@context":"https:\/\/schema.org","@graph":[{"@type":"WebSite","@id":"https:\/\/www.danieldurand.ca\/#website","url":"https:\/\/www.danieldurand.ca\/","name":"Montreal Board Certified Plastic Surgeon Dr Daniel Durand","description":"Cosmetic, Esthetic and Plastic Surgery clinic in Montreal, Laval and Ch\u00e2teauguay. Surgeries : Breast Augmentation w saline or silicone implants, Breast Lift etc.","potentialAction":[{"@type":"SearchAction","target":{"@type":"EntryPoint","urlTemplate":"https:\/\/www.danieldurand.ca\/?s={search_term_string}"},"query-input":"required name=search_term_string"}],"inLanguage":"fr-FR"},{"@type":"WebPage","@id":"https:\/\/www.danieldurand.ca\/fr\/reservez-une-consultation\/#webpage","url":"https:\/\/www.danieldurand.ca\/fr\/reservez-une-consultation\/","name":"Book your consultation with private plastic surgeon in montreal","isPartOf":{"@id":"https:\/\/www.danieldurand.ca\/#website"},"datePublished":"2021-05-24T18:56:33+00:00","dateModified":"2022-03-02T20:31:35+00:00","description":"Montreal Breast Augmentation, Lift, Abdominoplasty, Tummy Tuck, Mommy Makeover, Liposuction. Reveal your true beauty with board certified plastic surgeon.","breadcrumb":{"@id":"https:\/\/www.danieldurand.ca\/fr\/reservez-une-consultation\/#breadcrumb"},"inLanguage":"fr-FR","potentialAction":[{"@type":"ReadAction","target":["https:\/\/www.danieldurand.ca\/fr\/reservez-une-consultation\/"]}]},{"@type":"BreadcrumbList","@id":"https:\/\/www.danieldurand.ca\/fr\/reservez-une-consultation\/#breadcrumb","itemListElement":[{"@type":"ListItem","position":1,"name":"Home","item":"https:\/\/www.danieldurand.ca\/fr\/"},{"@type":"ListItem","position":2,"name":"R\u00e9servez une consultation"}]}]}},"_links":{"self":[{"href":"https:\/\/www.danieldurand.ca\/fr\/wp-json\/wp\/v2\/pages\/2498","targetHints":{"allow":["GET"]}}],"collection":[{"href":"https:\/\/www.danieldurand.ca\/fr\/wp-json\/wp\/v2\/pages"}],"about":[{"href":"https:\/\/www.danieldurand.ca\/fr\/wp-json\/wp\/v2\/types\/page"}],"author":[{"embeddable":true,"href":"https:\/\/www.danieldurand.ca\/fr\/wp-json\/wp\/v2\/users\/1"}],"replies":[{"embeddable":true,"href":"https:\/\/www.danieldurand.ca\/fr\/wp-json\/wp\/v2\/comments?post=2498"}],"version-history":[{"count":2,"href":"https:\/\/www.danieldurand.ca\/fr\/wp-json\/wp\/v2\/pages\/2498\/revisions"}],"predecessor-version":[{"id":2756,"href":"https:\/\/www.danieldurand.ca\/fr\/wp-json\/wp\/v2\/pages\/2498\/revisions\/2756"}],"wp:attachment":[{"href":"https:\/\/www.danieldurand.ca\/fr\/wp-json\/wp\/v2\/media?parent=2498"}],"curies":[{"name":"wp","href":"https:\/\/api.w.org\/{rel}","templated":true}]}}